{"id":163,"date":"2017-09-07T11:37:18","date_gmt":"2017-09-07T09:37:18","guid":{"rendered":"http:\/\/firman.com.pl\/?page_id=163"},"modified":"2021-08-29T21:59:32","modified_gmt":"2021-08-29T19:59:32","slug":"nagrzewnica-olejowa-firman-f2000-dh","status":"publish","type":"page","link":"http:\/\/firman.com.pl\/index.php\/nagrzewnice-olejowe\/nagrzewnica-olejowa-firman-f2000-dh\/","title":{"rendered":"Nagrzewnica olejowa Firman F2000-DH"},"content":{"rendered":"<table>\n<tbody>\n<tr>\n<td class=\"\" style=\"text-align: left;\" width=\"310\"><img loading=\"lazy\" class=\"wp-image-153 size-medium alignnone\" src=\"http:\/\/firman.com.pl\/wp-content\/uploads\/2017\/09\/Firman-F-2000-1-300x228.png\" alt=\"\" width=\"300\" height=\"228\" srcset=\"http:\/\/firman.com.pl\/wp-content\/uploads\/2017\/09\/Firman-F-2000-1-300x228.png 300w, http:\/\/firman.com.pl\/wp-content\/uploads\/2017\/09\/Firman-F-2000-1.png 745w\" sizes=\"(max-width: 300px) 100vw, 300px\" \/><\/td>\n<td>Nagrzewnica olejowa <strong>Firman F2000-DH<\/strong> o mocy <strong>20,3 kW<\/strong> z<strong> termostatem<\/strong> i z <strong>wy\u015bwietlaczem<\/strong>.<\/p>\n<p>Przeno\u015bna nagrzewnica olejowa <strong>Firman F2000-DH<\/strong> o mocy 20,3 kW bez odprowadzenia spalin tzw. otwarta komora spalania o bardzo dobrym wyposa\u017ceniu: <strong>posiada diodowy za\u0142\u0105cznik pracy, dioda pracy, regulowany skokowo termostat, wy\u015bwietlacz temp., wska\u017anik paliwa, uchwyt transportowy.<\/strong><\/p>\n<p>Zu\u017cycie paliwa &#8211; <strong>1,9 l\/h<\/strong>, poj. zbiornika paliwa <strong>19,5l<\/strong>. D\u0142ugo\u015b\u0107 pracy na zbiorniku bez dzia\u0142ania termostatu &#8211; <strong>ok.10 godz<\/strong>. Nagrzewnica dodatkowo zabezpieczona w \u0142a\u0144cuszek zabezpieczaj\u0105cy na korku wlewu paliwa. Zbiornik posiada korek spustu paliwa. Nagrzewnica ma \u015brub\u0119 regulacji pompy: ci\u015bnienie &#8211; <strong>35 kPa<\/strong>; max. temp. &#8211; <strong>320 st. C<\/strong>, przep\u0142yw powietrza to<strong> 210m3\/h<\/strong>; waga <strong>14 kg<\/strong> (16,5 kg z opak.).<\/p>\n<p>Nagrzewnice <strong>Firman<\/strong> s\u0105 znakomicie wyposa\u017cone i maja bardzo ma\u0142\u0105 awaryjno\u015b\u0107 &#8211; s\u0105 o najlepszym stosunku ceny do jako\u015bci.<\/p>\n<p>Urz\u0105dzenie posiada <strong>2 letni\u0105 gwarancj\u0119<\/strong>.<\/td>\n<\/tr>\n<\/tbody>\n<\/table>\n<table>\n<tbody>\n<tr>\n<td colspan=\"4\"><strong>PARAMETRY TECHNICZNE<\/strong><\/td>\n<\/tr>\n<tr>\n<td style=\"text-align: right;\"><strong>Model:<\/strong><\/td>\n<td class=\"\" style=\"text-align: center;\"><a href=\"http:\/\/firman.com.pl\/index.php\/nagrzewnice-olejowe\/nagrzewnica-olejowa-firman-f2000-dh\/\"><img loading=\"lazy\" class=\"wp-image-153 aligncenter\" src=\"http:\/\/firman.com.pl\/wp-content\/uploads\/2017\/09\/Firman-F-2000-1-300x228.png\" alt=\"\" width=\"150\" height=\"114\" srcset=\"http:\/\/firman.com.pl\/wp-content\/uploads\/2017\/09\/Firman-F-2000-1-300x228.png 300w, http:\/\/firman.com.pl\/wp-content\/uploads\/2017\/09\/Firman-F-2000-1.png 745w\" sizes=\"(max-width: 150px) 100vw, 150px\" \/><\/a><\/td>\n<td class=\"\" style=\"text-align: center;\"><strong><a href=\"http:\/\/firman.com.pl\/index.php\/nagrzewnice-olejowe\/nagrzewnica-olejowa-firman-f3000-dh\/\"><img loading=\"lazy\" class=\"aligncenter wp-image-155\" src=\"http:\/\/firman.com.pl\/wp-content\/uploads\/2017\/09\/Firman-F-3000-1-300x280.png\" alt=\"\" width=\"150\" height=\"140\" srcset=\"http:\/\/firman.com.pl\/wp-content\/uploads\/2017\/09\/Firman-F-3000-1-300x280.png 300w, http:\/\/firman.com.pl\/wp-content\/uploads\/2017\/09\/Firman-F-3000-1-768x717.png 768w, http:\/\/firman.com.pl\/wp-content\/uploads\/2017\/09\/Firman-F-3000-1-270x250.png 270w, http:\/\/firman.com.pl\/wp-content\/uploads\/2017\/09\/Firman-F-3000-1.png 1008w\" sizes=\"(max-width: 150px) 100vw, 150px\" \/><\/a> <\/strong><\/td>\n<td class=\"\" style=\"text-align: center;\"><a href=\"http:\/\/firman.com.pl\/index.php\/nagrzewnice-olejowe\/nagrzewnica-olejowa-firman-f5000-dh\/\"><strong><img loading=\"lazy\" class=\"aligncenter wp-image-156\" src=\"http:\/\/firman.com.pl\/wp-content\/uploads\/2017\/09\/Firman-F-5000-1-300x259.png\" alt=\"\" width=\"150\" height=\"130\" srcset=\"http:\/\/firman.com.pl\/wp-content\/uploads\/2017\/09\/Firman-F-5000-1-300x259.png 300w, http:\/\/firman.com.pl\/wp-content\/uploads\/2017\/09\/Firman-F-5000-1-768x663.png 768w, http:\/\/firman.com.pl\/wp-content\/uploads\/2017\/09\/Firman-F-5000-1-1024x884.png 1024w, http:\/\/firman.com.pl\/wp-content\/uploads\/2017\/09\/Firman-F-5000-1.png 1200w\" sizes=\"(max-width: 150px) 100vw, 150px\" \/><\/strong><\/a><\/td>\n<td class=\"\" style=\"text-align: center;\"><a href=\"http:\/\/firman.com.pl\/index.php\/nagrzewnice-olejowe\/nagrzewnica-olejowa-firman-f6000-dh\/\"><strong><img loading=\"lazy\" class=\"aligncenter wp-image-157\" src=\"http:\/\/firman.com.pl\/wp-content\/uploads\/2017\/09\/Firman-F-6000-1-300x249.png\" alt=\"\" width=\"150\" height=\"124\" srcset=\"http:\/\/firman.com.pl\/wp-content\/uploads\/2017\/09\/Firman-F-6000-1-300x249.png 300w, http:\/\/firman.com.pl\/wp-content\/uploads\/2017\/09\/Firman-F-6000-1-768x637.png 768w, http:\/\/firman.com.pl\/wp-content\/uploads\/2017\/09\/Firman-F-6000-1-1024x849.png 1024w, http:\/\/firman.com.pl\/wp-content\/uploads\/2017\/09\/Firman-F-6000-1.png 1200w\" sizes=\"(max-width: 150px) 100vw, 150px\" \/><\/strong><\/a><\/td>\n<\/tr>\n<tr>\n<td style=\"text-align: right;\"><\/td>\n<td style=\"text-align: center;\"><strong>Firman F2000-DH<\/strong><\/td>\n<td style=\"text-align: center;\">Firman F3000-DH<\/td>\n<td style=\"text-align: center;\">Firman F5000-DH<\/td>\n<td style=\"text-align: center;\">Firman F6000-DH<\/td>\n<\/tr>\n<tr>\n<td style=\"text-align: right;\">Moc:<\/td>\n<td style=\"text-align: center;\"><strong>20.3 kW<\/strong><\/td>\n<td style=\"text-align: center;\">32.1 kW<\/td>\n<td style=\"text-align: center;\">40.5 kW<\/td>\n<td style=\"text-align: center;\">52.8 kW<\/td>\n<\/tr>\n<tr>\n<td style=\"text-align: right;\">Zu\u017cycie paliwa:<\/td>\n<td style=\"text-align: center;\"><strong>1.7 l\/h<\/strong><\/td>\n<td style=\"text-align: center;\">3 l\/h<\/td>\n<td style=\"text-align: center;\">3.8 l\/h<\/td>\n<td style=\"text-align: center;\">5.2 l\/h<\/td>\n<\/tr>\n<tr>\n<td style=\"text-align: right;\">Moc (Btu\/h):<\/td>\n<td style=\"text-align: center;\"><strong>70.000<\/strong><\/td>\n<td style=\"text-align: center;\">110.000<\/td>\n<td style=\"text-align: center;\">138.000<\/td>\n<td style=\"text-align: center;\">190.000<\/td>\n<\/tr>\n<tr>\n<td style=\"text-align: right;\">Termostat\/Wy\u015bwietlacz:<\/td>\n<td style=\"text-align: center;\"><strong>tak\/tak<\/strong><\/td>\n<td style=\"text-align: center;\">tak\/tak<\/td>\n<td style=\"text-align: center;\">tak\/tak<\/td>\n<td style=\"text-align: center;\">tak\/tak<\/td>\n<\/tr>\n<tr>\n<td style=\"text-align: right;\">Zasilanie (V\/Hz):<\/td>\n<td style=\"text-align: center;\"><strong>230\/50<\/strong><\/td>\n<td style=\"text-align: center;\">230\/50<\/td>\n<td style=\"text-align: center;\">230\/50<\/td>\n<td style=\"text-align: center;\">230\/50<\/td>\n<\/tr>\n<tr>\n<td style=\"text-align: right;\">Paliwo (olej):<\/td>\n<td style=\"text-align: center;\"><strong>opa\u0142owy, nap\u0119dowy<\/strong><\/td>\n<td style=\"text-align: center;\">opa\u0142owy, nap\u0119dowy<\/td>\n<td style=\"text-align: center;\">opa\u0142owy, nap\u0119dowy<\/td>\n<td style=\"text-align: center;\">opa\u0142owy, nap\u0119dowy<\/td>\n<\/tr>\n<tr>\n<td style=\"text-align: right;\">Pojemno\u015b\u0107 zbiornika:<\/td>\n<td style=\"text-align: center;\"><strong>19.5 l<\/strong><\/td>\n<td style=\"text-align: center;\">41 l<\/td>\n<td style=\"text-align: center;\">41 l<\/td>\n<td style=\"text-align: center;\">48 l<\/td>\n<\/tr>\n<tr>\n<td style=\"text-align: right;\">Ci\u015bnienie pompy:<\/td>\n<td style=\"text-align: center;\"><strong>35 kPa<\/strong><\/td>\n<td style=\"text-align: center;\">35 kPa<\/td>\n<td style=\"text-align: center;\">40 kPa<\/td>\n<td style=\"text-align: center;\">50 kPa<\/td>\n<\/tr>\n<tr>\n<td style=\"text-align: right;\">Maks. temperatura:<\/td>\n<td style=\"text-align: center;\"><strong>320<sup>o<\/sup>C<\/strong><\/td>\n<td style=\"text-align: center;\">300<sup>o<\/sup>C<\/td>\n<td style=\"text-align: center;\">350<sup>o<\/sup>C<\/td>\n<td style=\"text-align: center;\">500<sup>o<\/sup>C<\/td>\n<\/tr>\n<tr>\n<td style=\"text-align: right;\">Wymiary (mm):<\/td>\n<td style=\"text-align: center;\"><strong>835x368x420<\/strong><\/td>\n<td style=\"text-align: center;\">946x460x513<\/td>\n<td style=\"text-align: center;\">1065x460x513<\/td>\n<td style=\"text-align: center;\">1065x460x513<\/td>\n<\/tr>\n<tr>\n<td style=\"text-align: right;\">Waga:<\/td>\n<td style=\"text-align: center;\"><strong>14 kg<\/strong><\/td>\n<td style=\"text-align: center;\">27 kg<\/td>\n<td style=\"text-align: center;\">29 kg<\/td>\n<td style=\"text-align: center;\">30 kg<\/td>\n<\/tr>\n<tr>\n<td style=\"text-align: center;\" colspan=\"5\">Cena katalogowa:<\/p>\n<p>Nagrzewnice olejow\u0105 <strong>Firman F2000-DH<\/strong> kupisz w naszej sieci sprzeda\u017cy w Polsce <a href=\"https:\/\/xaram.pl\/dystrybucja-i-serwis\/\"><strong>(<em>kliknij \u2026&gt;&gt;&gt;<\/em>)<\/strong>\u00a0<\/a>lub na\u00a0<a href=\"http:\/\/www.marax.pl\/\" target=\"_blank\" rel=\"noopener\"><strong>www.marax.pl\u00a0<\/strong><\/a><\/td>\n<\/tr>\n<tr>\n<td style=\"text-align: right;\"><\/td>\n<td style=\"text-align: center;\"><\/td>\n<td style=\"text-align: center;\"><\/td>\n<td style=\"text-align: center;\"><\/td>\n<td style=\"text-align: center;\"><\/td>\n<\/tr>\n<tr>\n<td style=\"text-align: right;\"><\/td>\n<td style=\"text-align: center;\"><\/td>\n<td style=\"text-align: center;\"><\/td>\n<td style=\"text-align: center;\"><\/td>\n<td style=\"text-align: center;\"><\/td>\n<\/tr>\n<\/tbody>\n<\/table>\n\n\t\t<style type=\"text\/css\">\n\t\t\t#gallery-1 {\n\t\t\t\tmargin: auto;\n\t\t\t}\n\t\t\t#gallery-1 .gallery-item {\n\t\t\t\tfloat: left;\n\t\t\t\tmargin-top: 10px;\n\t\t\t\ttext-align: center;\n\t\t\t\twidth: 25%;\n\t\t\t}\n\t\t\t#gallery-1 img {\n\t\t\t\tborder: 2px solid #cfcfcf;\n\t\t\t}\n\t\t\t#gallery-1 .gallery-caption {\n\t\t\t\tmargin-left: 0;\n\t\t\t}\n\t\t\t\/* see gallery_shortcode() in wp-includes\/media.php *\/\n\t\t<\/style>\n\t\t<div id='gallery-1' class='gallery galleryid-163 gallery-columns-4 gallery-size-thumbnail'><dl class='gallery-item'>\n\t\t\t<dt class='gallery-icon landscape'>\n\t\t\t\t<a class=\"grouped_elements\" rel=\"tc-fancybox-group\" href=\"http:\/\/firman.com.pl\/wp-content\/uploads\/2017\/09\/Firman-F-2000-1.jpg\" title=\"Firman F 2000-1\"><img width=\"150\" height=\"150\" src=\"http:\/\/firman.com.pl\/wp-content\/uploads\/2017\/09\/Firman-F-2000-1-150x150.jpg\" class=\"attachment-thumbnail size-thumbnail\" alt=\"\" loading=\"lazy\" \/><\/a>\n\t\t\t<\/dt><\/dl><dl class='gallery-item'>\n\t\t\t<dt class='gallery-icon landscape'>\n\t\t\t\t<a class=\"grouped_elements\" rel=\"tc-fancybox-group\" href=\"http:\/\/firman.com.pl\/wp-content\/uploads\/2017\/09\/Firman-F-2000-2.jpg\" title=\"Firman F 2000-2\"><img width=\"150\" height=\"150\" src=\"http:\/\/firman.com.pl\/wp-content\/uploads\/2017\/09\/Firman-F-2000-2-150x150.jpg\" class=\"attachment-thumbnail size-thumbnail\" alt=\"\" loading=\"lazy\" \/><\/a>\n\t\t\t<\/dt><\/dl><dl class='gallery-item'>\n\t\t\t<dt class='gallery-icon portrait'>\n\t\t\t\t<a class=\"grouped_elements\" rel=\"tc-fancybox-group\" href=\"http:\/\/firman.com.pl\/wp-content\/uploads\/2017\/09\/Firman-F-2000-3.jpg\" title=\"Firman F 2000-3\"><img width=\"150\" height=\"150\" src=\"http:\/\/firman.com.pl\/wp-content\/uploads\/2017\/09\/Firman-F-2000-3-150x150.jpg\" class=\"attachment-thumbnail size-thumbnail\" alt=\"\" loading=\"lazy\" \/><\/a>\n\t\t\t<\/dt><\/dl><dl class='gallery-item'>\n\t\t\t<dt class='gallery-icon landscape'>\n\t\t\t\t<a class=\"grouped_elements\" rel=\"tc-fancybox-group\" href=\"http:\/\/firman.com.pl\/wp-content\/uploads\/2017\/09\/Firman-F-2000-5.jpg\" title=\"Firman F 2000-5\"><img width=\"150\" height=\"150\" src=\"http:\/\/firman.com.pl\/wp-content\/uploads\/2017\/09\/Firman-F-2000-5-150x150.jpg\" class=\"attachment-thumbnail size-thumbnail\" alt=\"\" loading=\"lazy\" srcset=\"http:\/\/firman.com.pl\/wp-content\/uploads\/2017\/09\/Firman-F-2000-5-150x150.jpg 150w, http:\/\/firman.com.pl\/wp-content\/uploads\/2017\/09\/Firman-F-2000-5-300x300.jpg 300w, http:\/\/firman.com.pl\/wp-content\/uploads\/2017\/09\/Firman-F-2000-5-768x766.jpg 768w, http:\/\/firman.com.pl\/wp-content\/uploads\/2017\/09\/Firman-F-2000-5-1024x1021.jpg 1024w, http:\/\/firman.com.pl\/wp-content\/uploads\/2017\/09\/Firman-F-2000-5.jpg 1200w\" sizes=\"(max-width: 150px) 100vw, 150px\" \/><\/a>\n\t\t\t<\/dt><\/dl><br style=\"clear: both\" \/><dl class='gallery-item'>\n\t\t\t<dt class='gallery-icon landscape'>\n\t\t\t\t<a class=\"grouped_elements\" rel=\"tc-fancybox-group\" href=\"http:\/\/firman.com.pl\/wp-content\/uploads\/2017\/09\/Firman-F-2000-9.jpg\" title=\"Firman F 2000-9\"><img width=\"150\" height=\"150\" src=\"http:\/\/firman.com.pl\/wp-content\/uploads\/2017\/09\/Firman-F-2000-9-150x150.jpg\" class=\"attachment-thumbnail size-thumbnail\" alt=\"\" loading=\"lazy\" \/><\/a>\n\t\t\t<\/dt><\/dl><dl class='gallery-item'>\n\t\t\t<dt class='gallery-icon landscape'>\n\t\t\t\t<a class=\"grouped_elements\" rel=\"tc-fancybox-group\" href=\"http:\/\/firman.com.pl\/wp-content\/uploads\/2017\/09\/Firman-F-2000-6.jpg\" title=\"Firman F 2000-6\"><img width=\"150\" height=\"150\" src=\"http:\/\/firman.com.pl\/wp-content\/uploads\/2017\/09\/Firman-F-2000-6-150x150.jpg\" class=\"attachment-thumbnail size-thumbnail\" alt=\"\" loading=\"lazy\" \/><\/a>\n\t\t\t<\/dt><\/dl><dl class='gallery-item'>\n\t\t\t<dt class='gallery-icon landscape'>\n\t\t\t\t<a class=\"grouped_elements\" rel=\"tc-fancybox-group\" href=\"http:\/\/firman.com.pl\/wp-content\/uploads\/2017\/09\/Firman-F-2000-7.jpg\" title=\"Firman F 2000-7\"><img width=\"150\" height=\"150\" src=\"http:\/\/firman.com.pl\/wp-content\/uploads\/2017\/09\/Firman-F-2000-7-150x150.jpg\" class=\"attachment-thumbnail size-thumbnail\" alt=\"\" loading=\"lazy\" \/><\/a>\n\t\t\t<\/dt><\/dl><dl class='gallery-item'>\n\t\t\t<dt class='gallery-icon landscape'>\n\t\t\t\t<a class=\"grouped_elements\" rel=\"tc-fancybox-group\" href=\"http:\/\/firman.com.pl\/wp-content\/uploads\/2017\/09\/Firman-F-2000-8.jpg\" title=\"Firman F 2000-8\"><img width=\"150\" height=\"150\" src=\"http:\/\/firman.com.pl\/wp-content\/uploads\/2017\/09\/Firman-F-2000-8-150x150.jpg\" class=\"attachment-thumbnail size-thumbnail\" alt=\"\" loading=\"lazy\" \/><\/a>\n\t\t\t<\/dt><\/dl><br style=\"clear: both\" \/>\n\t\t<\/div>\n\n","protected":false},"excerpt":{"rendered":"<p>Nagrzewnica olejowa Firman F2000-DH o mocy 20,3 kW z termostatem i z wy\u015bwietlaczem. Przeno\u015bna nagrzewnica olejowa Firman F2000-DH o mocy 20,3 kW bez odprowadzenia spalin tzw. otwarta komora spalania o bardzo dobrym wyposa\u017ceniu: posiada diodowy za\u0142\u0105cznik pracy, dioda pracy, regulowany skokowo termostat, wy\u015bwietlacz temp., wska\u017anik paliwa, uchwyt transportowy. Zu\u017cycie paliwa &#8211; 1,9 l\/h, poj. zbiornika [&hellip;]<\/p>\n","protected":false},"author":2,"featured_media":0,"parent":32,"menu_order":0,"comment_status":"closed","ping_status":"closed","template":"","meta":[],"yoast_head":"<!-- This site is optimized with the Yoast SEO plugin v17.0 - https:\/\/yoast.com\/wordpress\/plugins\/seo\/ -->\n<title>Nagrzewnica olejowa Firman F2000-DH - FIRMAN - nagrzewnice powietrza i agregaty pr\u0105dotw\u00f3rcze<\/title>\n<meta name=\"robots\" content=\"index, follow, max-snippet:-1, max-image-preview:large, max-video-preview:-1\" \/>\n<link rel=\"canonical\" href=\"https:\/\/firman.com.pl\/index.php\/nagrzewnice-olejowe\/nagrzewnica-olejowa-firman-f2000-dh\/\" \/>\n<meta property=\"og:locale\" content=\"pl_PL\" \/>\n<meta property=\"og:type\" content=\"article\" \/>\n<meta property=\"og:title\" content=\"Nagrzewnica olejowa Firman F2000-DH - FIRMAN - nagrzewnice powietrza i agregaty pr\u0105dotw\u00f3rcze\" \/>\n<meta property=\"og:description\" content=\"Nagrzewnica olejowa Firman F2000-DH o mocy 20,3 kW z termostatem i z wy\u015bwietlaczem. Przeno\u015bna nagrzewnica olejowa Firman F2000-DH o mocy 20,3 kW bez odprowadzenia spalin tzw. otwarta komora spalania o bardzo dobrym wyposa\u017ceniu: posiada diodowy za\u0142\u0105cznik pracy, dioda pracy, regulowany skokowo termostat, wy\u015bwietlacz temp., wska\u017anik paliwa, uchwyt transportowy. Zu\u017cycie paliwa &#8211; 1,9 l\/h, poj. zbiornika [&hellip;]\" \/>\n<meta property=\"og:url\" content=\"https:\/\/firman.com.pl\/index.php\/nagrzewnice-olejowe\/nagrzewnica-olejowa-firman-f2000-dh\/\" \/>\n<meta property=\"og:site_name\" content=\"FIRMAN - nagrzewnice powietrza i agregaty pr\u0105dotw\u00f3rcze\" \/>\n<meta property=\"article:modified_time\" content=\"2021-08-29T19:59:32+00:00\" \/>\n<meta property=\"og:image\" content=\"http:\/\/firman.com.pl\/wp-content\/uploads\/2017\/09\/Firman-F-2000-1-150x150.jpg\" \/>\n<meta name=\"twitter:card\" content=\"summary\" \/>\n<meta name=\"twitter:label1\" content=\"Szacowany czas czytania\" \/>\n\t<meta name=\"twitter:data1\" content=\"3 minuty\" \/>\n<script type=\"application\/ld+json\" class=\"yoast-schema-graph\">{\"@context\":\"https:\/\/schema.org\",\"@graph\":[{\"@type\":\"WebSite\",\"@id\":\"https:\/\/firman.com.pl\/#website\",\"url\":\"https:\/\/firman.com.pl\/\",\"name\":\"FIRMAN - nagrzewnice powietrza i agregaty pr\\u0105dotw\\u00f3rcze\",\"description\":\"\",\"potentialAction\":[{\"@type\":\"SearchAction\",\"target\":{\"@type\":\"EntryPoint\",\"urlTemplate\":\"https:\/\/firman.com.pl\/?s={search_term_string}\"},\"query-input\":\"required name=search_term_string\"}],\"inLanguage\":\"pl-PL\"},{\"@type\":\"ImageObject\",\"@id\":\"https:\/\/firman.com.pl\/index.php\/nagrzewnice-olejowe\/nagrzewnica-olejowa-firman-f2000-dh\/#primaryimage\",\"inLanguage\":\"pl-PL\",\"url\":\"http:\/\/firman.com.pl\/wp-content\/uploads\/2017\/09\/Firman-F-2000-1.png\",\"contentUrl\":\"http:\/\/firman.com.pl\/wp-content\/uploads\/2017\/09\/Firman-F-2000-1.png\",\"width\":745,\"height\":566},{\"@type\":\"WebPage\",\"@id\":\"https:\/\/firman.com.pl\/index.php\/nagrzewnice-olejowe\/nagrzewnica-olejowa-firman-f2000-dh\/#webpage\",\"url\":\"https:\/\/firman.com.pl\/index.php\/nagrzewnice-olejowe\/nagrzewnica-olejowa-firman-f2000-dh\/\",\"name\":\"Nagrzewnica olejowa Firman F2000-DH - FIRMAN - nagrzewnice powietrza i agregaty pr\\u0105dotw\\u00f3rcze\",\"isPartOf\":{\"@id\":\"https:\/\/firman.com.pl\/#website\"},\"primaryImageOfPage\":{\"@id\":\"https:\/\/firman.com.pl\/index.php\/nagrzewnice-olejowe\/nagrzewnica-olejowa-firman-f2000-dh\/#primaryimage\"},\"datePublished\":\"2017-09-07T09:37:18+00:00\",\"dateModified\":\"2021-08-29T19:59:32+00:00\",\"breadcrumb\":{\"@id\":\"https:\/\/firman.com.pl\/index.php\/nagrzewnice-olejowe\/nagrzewnica-olejowa-firman-f2000-dh\/#breadcrumb\"},\"inLanguage\":\"pl-PL\",\"potentialAction\":[{\"@type\":\"ReadAction\",\"target\":[\"https:\/\/firman.com.pl\/index.php\/nagrzewnice-olejowe\/nagrzewnica-olejowa-firman-f2000-dh\/\"]}]},{\"@type\":\"BreadcrumbList\",\"@id\":\"https:\/\/firman.com.pl\/index.php\/nagrzewnice-olejowe\/nagrzewnica-olejowa-firman-f2000-dh\/#breadcrumb\",\"itemListElement\":[{\"@type\":\"ListItem\",\"position\":1,\"name\":\"Strona g\\u0142\\u00f3wna\",\"item\":\"https:\/\/firman.com.pl\/\"},{\"@type\":\"ListItem\",\"position\":2,\"name\":\"NAGRZEWNICE OLEJOWE\",\"item\":\"https:\/\/firman.com.pl\/index.php\/nagrzewnice-olejowe\/\"},{\"@type\":\"ListItem\",\"position\":3,\"name\":\"Nagrzewnica olejowa Firman F2000-DH\"}]}]}<\/script>\n<!-- \/ Yoast SEO plugin. -->","yoast_head_json":{"title":"Nagrzewnica olejowa Firman F2000-DH - FIRMAN - nagrzewnice powietrza i agregaty pr\u0105dotw\u00f3rcze","robots":{"index":"index","follow":"follow","max-snippet":"max-snippet:-1","max-image-preview":"max-image-preview:large","max-video-preview":"max-video-preview:-1"},"canonical":"https:\/\/firman.com.pl\/index.php\/nagrzewnice-olejowe\/nagrzewnica-olejowa-firman-f2000-dh\/","og_locale":"pl_PL","og_type":"article","og_title":"Nagrzewnica olejowa Firman F2000-DH - FIRMAN - nagrzewnice powietrza i agregaty pr\u0105dotw\u00f3rcze","og_description":"Nagrzewnica olejowa Firman F2000-DH o mocy 20,3 kW z termostatem i z wy\u015bwietlaczem. Przeno\u015bna nagrzewnica olejowa Firman F2000-DH o mocy 20,3 kW bez odprowadzenia spalin tzw. otwarta komora spalania o bardzo dobrym wyposa\u017ceniu: posiada diodowy za\u0142\u0105cznik pracy, dioda pracy, regulowany skokowo termostat, wy\u015bwietlacz temp., wska\u017anik paliwa, uchwyt transportowy. Zu\u017cycie paliwa &#8211; 1,9 l\/h, poj. zbiornika [&hellip;]","og_url":"https:\/\/firman.com.pl\/index.php\/nagrzewnice-olejowe\/nagrzewnica-olejowa-firman-f2000-dh\/","og_site_name":"FIRMAN - nagrzewnice powietrza i agregaty pr\u0105dotw\u00f3rcze","article_modified_time":"2021-08-29T19:59:32+00:00","og_image":[{"url":"http:\/\/firman.com.pl\/wp-content\/uploads\/2017\/09\/Firman-F-2000-1-150x150.jpg"}],"twitter_card":"summary","twitter_misc":{"Szacowany czas czytania":"3 minuty"},"schema":{"@context":"https:\/\/schema.org","@graph":[{"@type":"WebSite","@id":"https:\/\/firman.com.pl\/#website","url":"https:\/\/firman.com.pl\/","name":"FIRMAN - nagrzewnice powietrza i agregaty pr\u0105dotw\u00f3rcze","description":"","potentialAction":[{"@type":"SearchAction","target":{"@type":"EntryPoint","urlTemplate":"https:\/\/firman.com.pl\/?s={search_term_string}"},"query-input":"required name=search_term_string"}],"inLanguage":"pl-PL"},{"@type":"ImageObject","@id":"https:\/\/firman.com.pl\/index.php\/nagrzewnice-olejowe\/nagrzewnica-olejowa-firman-f2000-dh\/#primaryimage","inLanguage":"pl-PL","url":"http:\/\/firman.com.pl\/wp-content\/uploads\/2017\/09\/Firman-F-2000-1.png","contentUrl":"http:\/\/firman.com.pl\/wp-content\/uploads\/2017\/09\/Firman-F-2000-1.png","width":745,"height":566},{"@type":"WebPage","@id":"https:\/\/firman.com.pl\/index.php\/nagrzewnice-olejowe\/nagrzewnica-olejowa-firman-f2000-dh\/#webpage","url":"https:\/\/firman.com.pl\/index.php\/nagrzewnice-olejowe\/nagrzewnica-olejowa-firman-f2000-dh\/","name":"Nagrzewnica olejowa Firman F2000-DH - FIRMAN - nagrzewnice powietrza i agregaty pr\u0105dotw\u00f3rcze","isPartOf":{"@id":"https:\/\/firman.com.pl\/#website"},"primaryImageOfPage":{"@id":"https:\/\/firman.com.pl\/index.php\/nagrzewnice-olejowe\/nagrzewnica-olejowa-firman-f2000-dh\/#primaryimage"},"datePublished":"2017-09-07T09:37:18+00:00","dateModified":"2021-08-29T19:59:32+00:00","breadcrumb":{"@id":"https:\/\/firman.com.pl\/index.php\/nagrzewnice-olejowe\/nagrzewnica-olejowa-firman-f2000-dh\/#breadcrumb"},"inLanguage":"pl-PL","potentialAction":[{"@type":"ReadAction","target":["https:\/\/firman.com.pl\/index.php\/nagrzewnice-olejowe\/nagrzewnica-olejowa-firman-f2000-dh\/"]}]},{"@type":"BreadcrumbList","@id":"https:\/\/firman.com.pl\/index.php\/nagrzewnice-olejowe\/nagrzewnica-olejowa-firman-f2000-dh\/#breadcrumb","itemListElement":[{"@type":"ListItem","position":1,"name":"Strona g\u0142\u00f3wna","item":"https:\/\/firman.com.pl\/"},{"@type":"ListItem","position":2,"name":"NAGRZEWNICE OLEJOWE","item":"https:\/\/firman.com.pl\/index.php\/nagrzewnice-olejowe\/"},{"@type":"ListItem","position":3,"name":"Nagrzewnica olejowa Firman F2000-DH"}]}]}},"_links":{"self":[{"href":"http:\/\/firman.com.pl\/index.php\/wp-json\/wp\/v2\/pages\/163"}],"collection":[{"href":"http:\/\/firman.com.pl\/index.php\/wp-json\/wp\/v2\/pages"}],"about":[{"href":"http:\/\/firman.com.pl\/index.php\/wp-json\/wp\/v2\/types\/page"}],"author":[{"embeddable":true,"href":"http:\/\/firman.com.pl\/index.php\/wp-json\/wp\/v2\/users\/2"}],"replies":[{"embeddable":true,"href":"http:\/\/firman.com.pl\/index.php\/wp-json\/wp\/v2\/comments?post=163"}],"version-history":[{"count":12,"href":"http:\/\/firman.com.pl\/index.php\/wp-json\/wp\/v2\/pages\/163\/revisions"}],"predecessor-version":[{"id":471,"href":"http:\/\/firman.com.pl\/index.php\/wp-json\/wp\/v2\/pages\/163\/revisions\/471"}],"up":[{"embeddable":true,"href":"http:\/\/firman.com.pl\/index.php\/wp-json\/wp\/v2\/pages\/32"}],"wp:attachment":[{"href":"http:\/\/firman.com.pl\/index.php\/wp-json\/wp\/v2\/media?parent=163"}],"curies":[{"name":"wp","href":"https:\/\/api.w.org\/{rel}","templated":true}]}}