{"id":24,"date":"2017-09-04T15:42:10","date_gmt":"2017-09-04T13:42:10","guid":{"rendered":"http:\/\/firman.com.pl\/?page_id=24"},"modified":"2017-09-11T14:14:05","modified_gmt":"2017-09-11T12:14:05","slug":"o-nas","status":"publish","type":"page","link":"http:\/\/firman.com.pl\/index.php\/o-nas\/","title":{"rendered":"O NAS"},"content":{"rendered":"<p>Importerem i producentem urz\u0105dze\u0144 marki FIRMAN jest firma: MARAX Ryszard Raj Sp.Jawna z siedzib\u0105 w Polsce: 31-709 Krak\u00f3w, ul.Groickiego 15, natomiast hurtownia, magazyny i serwis mie\u015bci si\u0119: 31-752 Krak\u00f3w, ul.Makuszy\u0144skiego 24.<\/p>\n<p>MARAX jest polsk\u0105 firm\u0105 za\u0142o\u017con\u0105 w 1990 roku. Lata pracy na rynku polskim i europejskim oraz zdobyte do\u015bwiadczenia powoduj\u0105, \u017ce oferujemy towar najwy\u017cszej\u3000\u015bwiatowej klasy\u3000a przy tym atrakcyjnej cenie. \u015awiadcz\u0105 o tym tysi\u0105ce naszych klient\u00f3w, kupuj\u0105cych u nas w hurtowni w Polsce w\u3000Krakowie, ul.Makuszy\u0144skiego 24 oraz na sklepach internetowych:<\/p>\n<p><strong>1.)<\/strong> <a href=\"http:\/\/www.marax.pl\">www.marax.pl<\/a> (MARAX Klimatyzacja-Wentylacja-Ogrzewanie),<\/p>\n<p><strong>2.)<\/strong> <a href=\"http:\/\/www.marax.eu\">www.marax.eu<\/a> (MARAX Centrum Sprz\u0119tu Ogrodniczego),<\/p>\n<p><strong>3.)<\/strong> <a href=\"http:\/\/www.xaram.pl\">www.xaram.pl<\/a> (Nagrzewnice powietrza),<\/p>\n<p><strong>4.)<\/strong> <a href=\"http:\/\/www.kerona.pl\">www.kerona.pl<\/a> (Nagrzewnice powietrza),<\/p>\n<p><strong>5.)<\/strong> <a href=\"http:\/\/allegro.pl\/listing\/user\/listing.php?us_id=16252133&amp;order=m\">www.alegro.pl<\/a> (MARAX Klimatyzacja-Wentylacja-Ogrzewanie),<\/p>\n<p><strong>6.)<\/strong> <a href=\"http:\/\/allegro.pl\/listing\/user\/listing.php?us_id=16251834&amp;order=m\">www.allegro.pl<\/a> (MARAX Centrum Sprz\u0119tu Ogrodniczego),<\/p>\n<p>Godziny pracy firmy \u2013 biura handlowego i serwisu:<br \/>\npon. \u2013 pt. = 8.00 \u2013 17.00<br \/>\nsobota = 8.00 \u2013 13.00 (01.03.2017-15.09.2017)<\/p>\n<p>Kontakt:<\/p>\n<p>Dzia\u0142 Grzewczy i Klimatyzacyjny:<\/p>\n<p>1.) Antoni Wr\u00f3bel<\/p>\n<p>+48 12 642-27-80 w.25;<br \/>\n+48 12 643-66-01 w.25;<br \/>\nkom: +48 605-044-299;<br \/>\nGG: 18004153<br \/>\ne-mail: antoni@xaram.pl<\/p>\n<p>Dzia\u0142 Cz\u0119\u015bci Zamiennych:<\/p>\n<p>1.) Beata Raj<br \/>\n+48 12 643-66-01 w.23<br \/>\nkom: 607-807-886<br \/>\nGG: 1679789<br \/>\ne-mail: serwis@xaram.pl<\/p>\n<p>Dzia\u0142 Eksportu:<br \/>\n1.) Ryszard Raj<br \/>\n+48 12 642-27-80 w.28<br \/>\n+48 12 643-66-01 w.28<br \/>\nGG: 4529990<br \/>\ne-mail: ryszard@xaram.pl<\/p>\n<p>Dzia\u0142 Ksi\u0119gowo\u015bci:<br \/>\n1.) Miros\u0142awa Jaworska<br \/>\n+48 12 642-27-80 w.31<\/p>\n<p>2.) Beata Raj<br \/>\n+48 12 642-27-80 w.22<\/p>\n","protected":false},"excerpt":{"rendered":"<p>Importerem i producentem urz\u0105dze\u0144 marki FIRMAN jest firma: MARAX Ryszard Raj Sp.Jawna z siedzib\u0105 w Polsce: 31-709 Krak\u00f3w, ul.Groickiego 15, natomiast hurtownia, magazyny i serwis mie\u015bci si\u0119: 31-752 Krak\u00f3w, ul.Makuszy\u0144skiego 24. MARAX jest polsk\u0105 firm\u0105 za\u0142o\u017con\u0105 w 1990 roku. Lata pracy na rynku polskim i europejskim oraz zdobyte do\u015bwiadczenia powoduj\u0105, \u017ce oferujemy towar najwy\u017cszej\u3000\u015bwiatowej klasy\u3000a [&hellip;]<\/p>\n","protected":false},"author":2,"featured_media":223,"parent":0,"menu_order":0,"comment_status":"closed","ping_status":"closed","template":"","meta":[],"yoast_head":"<!-- This site is optimized with the Yoast SEO plugin v17.0 - https:\/\/yoast.com\/wordpress\/plugins\/seo\/ -->\n<title>O NAS - FIRMAN - nagrzewnice powietrza i agregaty pr\u0105dotw\u00f3rcze<\/title>\n<meta name=\"robots\" content=\"index, follow, max-snippet:-1, max-image-preview:large, max-video-preview:-1\" \/>\n<link rel=\"canonical\" href=\"http:\/\/firman.com.pl\/index.php\/o-nas\/\" \/>\n<meta property=\"og:locale\" content=\"pl_PL\" \/>\n<meta property=\"og:type\" content=\"article\" \/>\n<meta property=\"og:title\" content=\"O NAS - FIRMAN - nagrzewnice powietrza i agregaty pr\u0105dotw\u00f3rcze\" \/>\n<meta property=\"og:description\" content=\"Importerem i producentem urz\u0105dze\u0144 marki FIRMAN jest firma: MARAX Ryszard Raj Sp.Jawna z siedzib\u0105 w Polsce: 31-709 Krak\u00f3w, ul.Groickiego 15, natomiast hurtownia, magazyny i serwis mie\u015bci si\u0119: 31-752 Krak\u00f3w, ul.Makuszy\u0144skiego 24. MARAX jest polsk\u0105 firm\u0105 za\u0142o\u017con\u0105 w 1990 roku. Lata pracy na rynku polskim i europejskim oraz zdobyte do\u015bwiadczenia powoduj\u0105, \u017ce oferujemy towar najwy\u017cszej\u3000\u015bwiatowej klasy\u3000a [&hellip;]\" \/>\n<meta property=\"og:url\" content=\"http:\/\/firman.com.pl\/index.php\/o-nas\/\" \/>\n<meta property=\"og:site_name\" content=\"FIRMAN - nagrzewnice powietrza i agregaty pr\u0105dotw\u00f3rcze\" \/>\n<meta property=\"article:modified_time\" content=\"2017-09-11T12:14:05+00:00\" \/>\n<meta property=\"og:image\" content=\"http:\/\/firman.com.pl\/wp-content\/uploads\/2017\/09\/onas.png\" \/>\n\t<meta property=\"og:image:width\" content=\"270\" \/>\n\t<meta property=\"og:image:height\" content=\"250\" \/>\n<meta name=\"twitter:card\" content=\"summary\" \/>\n<meta name=\"twitter:label1\" content=\"Szacowany czas czytania\" \/>\n\t<meta name=\"twitter:data1\" content=\"1 minuta\" \/>\n<script type=\"application\/ld+json\" class=\"yoast-schema-graph\">{\"@context\":\"https:\/\/schema.org\",\"@graph\":[{\"@type\":\"WebSite\",\"@id\":\"https:\/\/firman.com.pl\/#website\",\"url\":\"https:\/\/firman.com.pl\/\",\"name\":\"FIRMAN - nagrzewnice powietrza i agregaty pr\\u0105dotw\\u00f3rcze\",\"description\":\"\",\"potentialAction\":[{\"@type\":\"SearchAction\",\"target\":{\"@type\":\"EntryPoint\",\"urlTemplate\":\"https:\/\/firman.com.pl\/?s={search_term_string}\"},\"query-input\":\"required name=search_term_string\"}],\"inLanguage\":\"pl-PL\"},{\"@type\":\"ImageObject\",\"@id\":\"http:\/\/firman.com.pl\/index.php\/o-nas\/#primaryimage\",\"inLanguage\":\"pl-PL\",\"url\":\"http:\/\/firman.com.pl\/wp-content\/uploads\/2017\/09\/onas.png\",\"contentUrl\":\"http:\/\/firman.com.pl\/wp-content\/uploads\/2017\/09\/onas.png\",\"width\":270,\"height\":250},{\"@type\":\"WebPage\",\"@id\":\"http:\/\/firman.com.pl\/index.php\/o-nas\/#webpage\",\"url\":\"http:\/\/firman.com.pl\/index.php\/o-nas\/\",\"name\":\"O NAS - FIRMAN - nagrzewnice powietrza i agregaty pr\\u0105dotw\\u00f3rcze\",\"isPartOf\":{\"@id\":\"https:\/\/firman.com.pl\/#website\"},\"primaryImageOfPage\":{\"@id\":\"http:\/\/firman.com.pl\/index.php\/o-nas\/#primaryimage\"},\"datePublished\":\"2017-09-04T13:42:10+00:00\",\"dateModified\":\"2017-09-11T12:14:05+00:00\",\"breadcrumb\":{\"@id\":\"http:\/\/firman.com.pl\/index.php\/o-nas\/#breadcrumb\"},\"inLanguage\":\"pl-PL\",\"potentialAction\":[{\"@type\":\"ReadAction\",\"target\":[\"http:\/\/firman.com.pl\/index.php\/o-nas\/\"]}]},{\"@type\":\"BreadcrumbList\",\"@id\":\"http:\/\/firman.com.pl\/index.php\/o-nas\/#breadcrumb\",\"itemListElement\":[{\"@type\":\"ListItem\",\"position\":1,\"name\":\"Strona g\\u0142\\u00f3wna\",\"item\":\"https:\/\/firman.com.pl\/\"},{\"@type\":\"ListItem\",\"position\":2,\"name\":\"O NAS\"}]}]}<\/script>\n<!-- \/ Yoast SEO plugin. -->","yoast_head_json":{"title":"O NAS - FIRMAN - nagrzewnice powietrza i agregaty pr\u0105dotw\u00f3rcze","robots":{"index":"index","follow":"follow","max-snippet":"max-snippet:-1","max-image-preview":"max-image-preview:large","max-video-preview":"max-video-preview:-1"},"canonical":"http:\/\/firman.com.pl\/index.php\/o-nas\/","og_locale":"pl_PL","og_type":"article","og_title":"O NAS - FIRMAN - nagrzewnice powietrza i agregaty pr\u0105dotw\u00f3rcze","og_description":"Importerem i producentem urz\u0105dze\u0144 marki FIRMAN jest firma: MARAX Ryszard Raj Sp.Jawna z siedzib\u0105 w Polsce: 31-709 Krak\u00f3w, ul.Groickiego 15, natomiast hurtownia, magazyny i serwis mie\u015bci si\u0119: 31-752 Krak\u00f3w, ul.Makuszy\u0144skiego 24. MARAX jest polsk\u0105 firm\u0105 za\u0142o\u017con\u0105 w 1990 roku. Lata pracy na rynku polskim i europejskim oraz zdobyte do\u015bwiadczenia powoduj\u0105, \u017ce oferujemy towar najwy\u017cszej\u3000\u015bwiatowej klasy\u3000a [&hellip;]","og_url":"http:\/\/firman.com.pl\/index.php\/o-nas\/","og_site_name":"FIRMAN - nagrzewnice powietrza i agregaty pr\u0105dotw\u00f3rcze","article_modified_time":"2017-09-11T12:14:05+00:00","og_image":[{"width":270,"height":250,"url":"http:\/\/firman.com.pl\/wp-content\/uploads\/2017\/09\/onas.png","path":"\/home\/marax\/ftp\/strony\/firman\/wp-content\/uploads\/2017\/09\/onas.png","size":"full","id":223,"alt":"","pixels":67500,"type":"image\/png"}],"twitter_card":"summary","twitter_misc":{"Szacowany czas czytania":"1 minuta"},"schema":{"@context":"https:\/\/schema.org","@graph":[{"@type":"WebSite","@id":"https:\/\/firman.com.pl\/#website","url":"https:\/\/firman.com.pl\/","name":"FIRMAN - nagrzewnice powietrza i agregaty pr\u0105dotw\u00f3rcze","description":"","potentialAction":[{"@type":"SearchAction","target":{"@type":"EntryPoint","urlTemplate":"https:\/\/firman.com.pl\/?s={search_term_string}"},"query-input":"required name=search_term_string"}],"inLanguage":"pl-PL"},{"@type":"ImageObject","@id":"http:\/\/firman.com.pl\/index.php\/o-nas\/#primaryimage","inLanguage":"pl-PL","url":"http:\/\/firman.com.pl\/wp-content\/uploads\/2017\/09\/onas.png","contentUrl":"http:\/\/firman.com.pl\/wp-content\/uploads\/2017\/09\/onas.png","width":270,"height":250},{"@type":"WebPage","@id":"http:\/\/firman.com.pl\/index.php\/o-nas\/#webpage","url":"http:\/\/firman.com.pl\/index.php\/o-nas\/","name":"O NAS - FIRMAN - nagrzewnice powietrza i agregaty pr\u0105dotw\u00f3rcze","isPartOf":{"@id":"https:\/\/firman.com.pl\/#website"},"primaryImageOfPage":{"@id":"http:\/\/firman.com.pl\/index.php\/o-nas\/#primaryimage"},"datePublished":"2017-09-04T13:42:10+00:00","dateModified":"2017-09-11T12:14:05+00:00","breadcrumb":{"@id":"http:\/\/firman.com.pl\/index.php\/o-nas\/#breadcrumb"},"inLanguage":"pl-PL","potentialAction":[{"@type":"ReadAction","target":["http:\/\/firman.com.pl\/index.php\/o-nas\/"]}]},{"@type":"BreadcrumbList","@id":"http:\/\/firman.com.pl\/index.php\/o-nas\/#breadcrumb","itemListElement":[{"@type":"ListItem","position":1,"name":"Strona g\u0142\u00f3wna","item":"https:\/\/firman.com.pl\/"},{"@type":"ListItem","position":2,"name":"O NAS"}]}]}},"_links":{"self":[{"href":"http:\/\/firman.com.pl\/index.php\/wp-json\/wp\/v2\/pages\/24"}],"collection":[{"href":"http:\/\/firman.com.pl\/index.php\/wp-json\/wp\/v2\/pages"}],"about":[{"href":"http:\/\/firman.com.pl\/index.php\/wp-json\/wp\/v2\/types\/page"}],"author":[{"embeddable":true,"href":"http:\/\/firman.com.pl\/index.php\/wp-json\/wp\/v2\/users\/2"}],"replies":[{"embeddable":true,"href":"http:\/\/firman.com.pl\/index.php\/wp-json\/wp\/v2\/comments?post=24"}],"version-history":[{"count":7,"href":"http:\/\/firman.com.pl\/index.php\/wp-json\/wp\/v2\/pages\/24\/revisions"}],"predecessor-version":[{"id":295,"href":"http:\/\/firman.com.pl\/index.php\/wp-json\/wp\/v2\/pages\/24\/revisions\/295"}],"wp:featuredmedia":[{"embeddable":true,"href":"http:\/\/firman.com.pl\/index.php\/wp-json\/wp\/v2\/media\/223"}],"wp:attachment":[{"href":"http:\/\/firman.com.pl\/index.php\/wp-json\/wp\/v2\/media?parent=24"}],"curies":[{"name":"wp","href":"https:\/\/api.w.org\/{rel}","templated":true}]}}