{"id":45,"date":"2017-09-04T16:07:18","date_gmt":"2017-09-04T14:07:18","guid":{"rendered":"http:\/\/firman.com.pl\/?page_id=45"},"modified":"2017-09-11T09:32:44","modified_gmt":"2017-09-11T07:32:44","slug":"dystrybucja-i-serwis","status":"publish","type":"page","link":"http:\/\/firman.com.pl\/index.php\/dystrybucja-i-serwis\/","title":{"rendered":"DYSTRYBUCJA I SERWIS"},"content":{"rendered":"\t\t\t\t\t\t\t<h3 style=\"margin-bottom:20px ;display:block;width:100%;margin-top:10px\">Wojew\u00f3dztwa <\/h3>\r\n\t\t\t\t\t\t\t\t<style>\r\n\t\t\t\t\r\n\t\t\t\t\t#tab_container_273 {\r\n\toverflow:hidden;\r\n\tdisplay:block;\r\n\twidth:100%;\r\n\tborder:0px solid #ddd;\r\n\tmargin-bottom:30px;\r\n\t}\r\n\r\n#tab_container_273 .tab-content{\r\n\tpadding:20px;\r\n\tborder: 1px solid #e6e6e6 !important;\r\n\tmargin-top: 0px;\r\n\tbackground-color:#ffffff !important;\r\n\tcolor: #000000 !important;\r\n\tfont-size:14px !important;\r\n\tfont-family: sans-serif !important;\r\n\t\r\n\t\tborder: 1px solid #e6e6e6 !important;\r\n\t}\r\n#tab_container_273 .wpsm_nav-tabs {\r\n    border-bottom: 0px solid #ddd;\r\n}\r\n#tab_container_273 .wpsm_nav-tabs > li.active > a, #tab_container_273 .wpsm_nav-tabs > li.active > a:hover, #tab_container_273 .wpsm_nav-tabs > li.active > a:focus {\r\n\tcolor: #020202 !important;\r\n\tcursor: default;\r\n\tbackground-color: #f7f7f7 !important;\r\n\tborder: 1px solid #dedede !important;\r\n}\r\n\r\n#tab_container_273 .wpsm_nav-tabs > li > a {\r\n    margin-right: 0px !important; \r\n    line-height: 1.42857143 !important;\r\n    border: 1px solid #d69512 !important;\r\n    border-radius: 0px 0px 0 0 !important; \r\n\tbackground-color: #e9a825 !important;\r\n\tcolor: #ffffff !important;\r\n\tpadding: 15px 18px 15px 18px !important;\r\n\ttext-decoration: none !important;\r\n\tfont-size: 14px !important;\r\n\ttext-align:center !important;\r\n\tfont-family: sans-serif !important;\r\n}\r\n#tab_container_273 .wpsm_nav-tabs > li > a:focus {\r\noutline: 0px !important;\r\n}\r\n\r\n#tab_container_273 .wpsm_nav-tabs > li > a:before {\r\n\tdisplay:none !important;\r\n}\r\n#tab_container_273 .wpsm_nav-tabs > li > a:after {\r\n\tdisplay:none !important ;\r\n}\r\n#tab_container_273 .wpsm_nav-tabs > li{\r\npadding:0px !important ;\r\nmargin:0px;\r\n}\r\n\r\n#tab_container_273 .wpsm_nav-tabs > li > a:hover , #tab_container_273 .wpsm_nav-tabs > li > a:focus {\r\n    color: #ffffff !important;\r\n    background-color: #e9a825 !important;\r\n\tborder: 1px solid #d69512 !important;\r\n\t\r\n}\r\n#tab_container_273 .wpsm_nav-tabs > li > a .fa{\r\n\r\nmargin-right:5px !important;\r\n\r\nmargin-left:5px !important;\r\n\r\n\r\n}\r\n\r\n\t\t#tab_container_273 .wpsm_nav-tabs a{\r\n\t\t\tbackground-image: none;\r\n\t\t\tbackground-position: 0 0;\r\n\t\t\tbackground-repeat: repeat-x;\r\n\t\t}\r\n\t\t\t\r\n\r\n\r\n#tab_container_273 .wpsm_nav-tabs > li {\r\n    float: left;\r\n    margin-bottom: -1px !important;\r\n\tmargin-right:0px !important; \r\n}\r\n\r\n\r\n#tab_container_273 .tab-content{\r\noverflow:hidden !important;\r\n}\r\n\r\n\r\n@media (min-width: 769px) {\r\n\r\n\t#tab_container_273 .wpsm_nav-tabs > li{\r\n\tfloat:none !important;\r\n\t\tmargin-right:-1px !important;\r\n\t\t\t}\r\n\t#tab_container_273 .wpsm_nav-tabs{\r\n\tfloat:left !important;\r\n\tmargin:0px !important;\r\n\t}\r\n}\r\n\r\n#tab_container_273 .wpsm_nav-tabs > li {\r\n    \t\r\n}\r\n#tab_container_273 .wpsm_nav{\r\n\t}\r\n\r\n\r\n@media (max-width: 768px) {\r\n\t#tab_container_273 .wpsm_nav-tabs > li {\r\n\t\t\t\t\r\n\t}\r\n\t#tab_container_273 .wpsm_nav{\r\n\t\t\t}\r\n}\r\n\r\n\r\n\t.wpsm_nav-tabs li:before{\r\n\t\tdisplay:none !important;\r\n\t}\r\n\r\n\t@media (max-width: 768px) {\r\n\t\t\t\t\r\n\t\t\t\t.wpsm_nav-tabs{\r\n\t\t\tmargin-left:0px !important;\r\n\t\t\tmargin-right:0px !important; \r\n\t\t\t\r\n\t\t}\r\n\t\t\t\t#tab_container_273 .wpsm_nav-tabs > li{\r\n\t\t\tfloat:none !important;\r\n\t\t}\r\n\t\t\t\r\n\t}\r\n\t\t\t\t<\/style>\r\n\t\t\t\t<div id=\"tab_container_273\" >\r\n\t \r\n\t\t\t\t\t<ul class=\"wpsm_nav wpsm_nav-tabs\" role=\"tablist\" id=\"myTab_273\">\r\n\t\t\t\t\t\t\t\r\n\t\t\t\t\t\t\t<li role=\"presentation\"  class=\"active\"  >\r\n\t\t\t\t\t\t\t\t<a href=\"#tabs_desc_273_1\" aria-controls=\"tabs_desc_273_1\" role=\"tab\" data-toggle=\"tab\">\r\n\t\t\t\t\t\t\t\t\t\r\n\t\t\t\t\t\t\t\t\t\t\t\t\t\t\t\t\t\t\t\t\t\t\t\t\t\t\t\t\t\t\t\t\t\t\r\n\t\t\t\t\t\t\t\t\t\t\t\t\t\t\t\t\t\t\t\t\t\t\r\n\t\t\t\t\t\t\t\t\t\t\t<span>Wojew\u00f3dztwo ma\u0142opolskie<\/span>\r\n\t\t\t\t\t\t\t\t\t\t\t\r\n\t\t\t\t\t\t\t\t\t\t\t\t\t\t\t\t\t\t\t\t\t\t\r\n\t\t\t\t\t\t\t\t\t\t\t\t\t\t\t\t\t\t\t\t\r\n\t\t\t\t\t\t\t\t\t\t\r\n\t\t\t\t\t\t\t\t\t\r\n\t\t\t\t\t\t\t\t<\/a>\r\n\t\t\t\t\t\t\t<\/li>\r\n\t\t\t\t\t\t\t\r\n\t\t\t\t\t\t\t<li role=\"presentation\"  >\r\n\t\t\t\t\t\t\t\t<a href=\"#tabs_desc_273_2\" aria-controls=\"tabs_desc_273_2\" role=\"tab\" data-toggle=\"tab\">\r\n\t\t\t\t\t\t\t\t\t\r\n\t\t\t\t\t\t\t\t\t\t\t\t\t\t\t\t\t\t\t\t\t\t\t\t\t\t\t\t\t\t\t\t\t\t\r\n\t\t\t\t\t\t\t\t\t\t\t\t\t\t\t\t\t\t\t\t\t\t\r\n\t\t\t\t\t\t\t\t\t\t\t<span>Wojew\u00f3dztwo dolno\u015bl\u0105skie<\/span>\r\n\t\t\t\t\t\t\t\t\t\t\t\r\n\t\t\t\t\t\t\t\t\t\t\t\t\t\t\t\t\t\t\t\t\t\t\r\n\t\t\t\t\t\t\t\t\t\t\t\t\t\t\t\t\t\t\t\t\r\n\t\t\t\t\t\t\t\t\t\t\r\n\t\t\t\t\t\t\t\t\t\r\n\t\t\t\t\t\t\t\t<\/a>\r\n\t\t\t\t\t\t\t<\/li>\r\n\t\t\t\t\t\t\t\r\n\t\t\t\t\t\t\t<li role=\"presentation\"  >\r\n\t\t\t\t\t\t\t\t<a href=\"#tabs_desc_273_3\" aria-controls=\"tabs_desc_273_3\" role=\"tab\" data-toggle=\"tab\">\r\n\t\t\t\t\t\t\t\t\t\r\n\t\t\t\t\t\t\t\t\t\t\t\t\t\t\t\t\t\t\t\t\t\t\t\t\t\t\t\t\t\t\t\t\t\t\r\n\t\t\t\t\t\t\t\t\t\t\t\t\t\t\t\t\t\t\t\t\t\t\r\n\t\t\t\t\t\t\t\t\t\t\t<span>Wojew\u00f3dztwo kujawsko-pomorskie<\/span>\r\n\t\t\t\t\t\t\t\t\t\t\t\r\n\t\t\t\t\t\t\t\t\t\t\t\t\t\t\t\t\t\t\t\t\t\t\r\n\t\t\t\t\t\t\t\t\t\t\t\t\t\t\t\t\t\t\t\t\r\n\t\t\t\t\t\t\t\t\t\t\r\n\t\t\t\t\t\t\t\t\t\r\n\t\t\t\t\t\t\t\t<\/a>\r\n\t\t\t\t\t\t\t<\/li>\r\n\t\t\t\t\t\t\t\r\n\t\t\t\t\t\t\t<li role=\"presentation\"  >\r\n\t\t\t\t\t\t\t\t<a href=\"#tabs_desc_273_4\" aria-controls=\"tabs_desc_273_4\" role=\"tab\" data-toggle=\"tab\">\r\n\t\t\t\t\t\t\t\t\t\r\n\t\t\t\t\t\t\t\t\t\t\t\t\t\t\t\t\t\t\t\t\t\t\t\t\t\t\t\t\t\t\t\t\t\t\r\n\t\t\t\t\t\t\t\t\t\t\t\t\t\t\t\t\t\t\t\t\t\t\r\n\t\t\t\t\t\t\t\t\t\t\t<span>Wojew\u00f3dztwo lubelskie<\/span>\r\n\t\t\t\t\t\t\t\t\t\t\t\r\n\t\t\t\t\t\t\t\t\t\t\t\t\t\t\t\t\t\t\t\t\t\t\r\n\t\t\t\t\t\t\t\t\t\t\t\t\t\t\t\t\t\t\t\t\r\n\t\t\t\t\t\t\t\t\t\t\r\n\t\t\t\t\t\t\t\t\t\r\n\t\t\t\t\t\t\t\t<\/a>\r\n\t\t\t\t\t\t\t<\/li>\r\n\t\t\t\t\t\t\t\r\n\t\t\t\t\t\t\t<li role=\"presentation\"  >\r\n\t\t\t\t\t\t\t\t<a href=\"#tabs_desc_273_5\" aria-controls=\"tabs_desc_273_5\" role=\"tab\" data-toggle=\"tab\">\r\n\t\t\t\t\t\t\t\t\t\r\n\t\t\t\t\t\t\t\t\t\t\t\t\t\t\t\t\t\t\t\t\t\t\t\t\t\t\t\t\t\t\t\t\t\t\r\n\t\t\t\t\t\t\t\t\t\t\t\t\t\t\t\t\t\t\t\t\t\t\r\n\t\t\t\t\t\t\t\t\t\t\t<span>Wojew\u00f3dztwo lubuskie<\/span>\r\n\t\t\t\t\t\t\t\t\t\t\t\r\n\t\t\t\t\t\t\t\t\t\t\t\t\t\t\t\t\t\t\t\t\t\t\r\n\t\t\t\t\t\t\t\t\t\t\t\t\t\t\t\t\t\t\t\t\r\n\t\t\t\t\t\t\t\t\t\t\r\n\t\t\t\t\t\t\t\t\t\r\n\t\t\t\t\t\t\t\t<\/a>\r\n\t\t\t\t\t\t\t<\/li>\r\n\t\t\t\t\t\t\t\r\n\t\t\t\t\t\t\t<li role=\"presentation\"  >\r\n\t\t\t\t\t\t\t\t<a href=\"#tabs_desc_273_6\" aria-controls=\"tabs_desc_273_6\" role=\"tab\" data-toggle=\"tab\">\r\n\t\t\t\t\t\t\t\t\t\r\n\t\t\t\t\t\t\t\t\t\t\t\t\t\t\t\t\t\t\t\t\t\t\t\t\t\t\t\t\t\t\t\t\t\t\r\n\t\t\t\t\t\t\t\t\t\t\t\t\t\t\t\t\t\t\t\t\t\t\r\n\t\t\t\t\t\t\t\t\t\t\t<span>Wojew\u00f3dztwo \u0142\u00f3dzkie<\/span>\r\n\t\t\t\t\t\t\t\t\t\t\t\r\n\t\t\t\t\t\t\t\t\t\t\t\t\t\t\t\t\t\t\t\t\t\t\r\n\t\t\t\t\t\t\t\t\t\t\t\t\t\t\t\t\t\t\t\t\r\n\t\t\t\t\t\t\t\t\t\t\r\n\t\t\t\t\t\t\t\t\t\r\n\t\t\t\t\t\t\t\t<\/a>\r\n\t\t\t\t\t\t\t<\/li>\r\n\t\t\t\t\t\t\t\r\n\t\t\t\t\t\t\t<li role=\"presentation\"  >\r\n\t\t\t\t\t\t\t\t<a href=\"#tabs_desc_273_7\" aria-controls=\"tabs_desc_273_7\" role=\"tab\" data-toggle=\"tab\">\r\n\t\t\t\t\t\t\t\t\t\r\n\t\t\t\t\t\t\t\t\t\t\t\t\t\t\t\t\t\t\t\t\t\t\t\t\t\t\t\t\t\t\t\t\t\t\r\n\t\t\t\t\t\t\t\t\t\t\t\t\t\t\t\t\t\t\t\t\t\t\r\n\t\t\t\t\t\t\t\t\t\t\t<span>Wojew\u00f3dztwo mazowieckie<\/span>\r\n\t\t\t\t\t\t\t\t\t\t\t\r\n\t\t\t\t\t\t\t\t\t\t\t\t\t\t\t\t\t\t\t\t\t\t\r\n\t\t\t\t\t\t\t\t\t\t\t\t\t\t\t\t\t\t\t\t\r\n\t\t\t\t\t\t\t\t\t\t\r\n\t\t\t\t\t\t\t\t\t\r\n\t\t\t\t\t\t\t\t<\/a>\r\n\t\t\t\t\t\t\t<\/li>\r\n\t\t\t\t\t\t\t\r\n\t\t\t\t\t\t\t<li role=\"presentation\"  >\r\n\t\t\t\t\t\t\t\t<a href=\"#tabs_desc_273_8\" aria-controls=\"tabs_desc_273_8\" role=\"tab\" data-toggle=\"tab\">\r\n\t\t\t\t\t\t\t\t\t\r\n\t\t\t\t\t\t\t\t\t\t\t\t\t\t\t\t\t\t\t\t\t\t\t\t\t\t\t\t\t\t\t\t\t\t\r\n\t\t\t\t\t\t\t\t\t\t\t\t\t\t\t\t\t\t\t\t\t\t\r\n\t\t\t\t\t\t\t\t\t\t\t<span>Wojew\u00f3dztwo opolskie<\/span>\r\n\t\t\t\t\t\t\t\t\t\t\t\r\n\t\t\t\t\t\t\t\t\t\t\t\t\t\t\t\t\t\t\t\t\t\t\r\n\t\t\t\t\t\t\t\t\t\t\t\t\t\t\t\t\t\t\t\t\r\n\t\t\t\t\t\t\t\t\t\t\r\n\t\t\t\t\t\t\t\t\t\r\n\t\t\t\t\t\t\t\t<\/a>\r\n\t\t\t\t\t\t\t<\/li>\r\n\t\t\t\t\t\t\t\r\n\t\t\t\t\t\t\t<li role=\"presentation\"  >\r\n\t\t\t\t\t\t\t\t<a href=\"#tabs_desc_273_9\" aria-controls=\"tabs_desc_273_9\" role=\"tab\" data-toggle=\"tab\">\r\n\t\t\t\t\t\t\t\t\t\r\n\t\t\t\t\t\t\t\t\t\t\t\t\t\t\t\t\t\t\t\t\t\t\t\t\t\t\t\t\t\t\t\t\t\t\r\n\t\t\t\t\t\t\t\t\t\t\t\t\t\t\t\t\t\t\t\t\t\t\r\n\t\t\t\t\t\t\t\t\t\t\t<span>Wojew\u00f3dztwo podkarpackie<\/span>\r\n\t\t\t\t\t\t\t\t\t\t\t\r\n\t\t\t\t\t\t\t\t\t\t\t\t\t\t\t\t\t\t\t\t\t\t\r\n\t\t\t\t\t\t\t\t\t\t\t\t\t\t\t\t\t\t\t\t\r\n\t\t\t\t\t\t\t\t\t\t\r\n\t\t\t\t\t\t\t\t\t\r\n\t\t\t\t\t\t\t\t<\/a>\r\n\t\t\t\t\t\t\t<\/li>\r\n\t\t\t\t\t\t\t\r\n\t\t\t\t\t\t\t<li role=\"presentation\"  >\r\n\t\t\t\t\t\t\t\t<a href=\"#tabs_desc_273_10\" aria-controls=\"tabs_desc_273_10\" role=\"tab\" data-toggle=\"tab\">\r\n\t\t\t\t\t\t\t\t\t\r\n\t\t\t\t\t\t\t\t\t\t\t\t\t\t\t\t\t\t\t\t\t\t\t\t\t\t\t\t\t\t\t\t\t\t\r\n\t\t\t\t\t\t\t\t\t\t\t\t\t\t\t\t\t\t\t\t\t\t\r\n\t\t\t\t\t\t\t\t\t\t\t<span>Wojew\u00f3dztwo podlaskie<\/span>\r\n\t\t\t\t\t\t\t\t\t\t\t\r\n\t\t\t\t\t\t\t\t\t\t\t\t\t\t\t\t\t\t\t\t\t\t\r\n\t\t\t\t\t\t\t\t\t\t\t\t\t\t\t\t\t\t\t\t\r\n\t\t\t\t\t\t\t\t\t\t\r\n\t\t\t\t\t\t\t\t\t\r\n\t\t\t\t\t\t\t\t<\/a>\r\n\t\t\t\t\t\t\t<\/li>\r\n\t\t\t\t\t\t\t\r\n\t\t\t\t\t\t\t<li role=\"presentation\"  >\r\n\t\t\t\t\t\t\t\t<a href=\"#tabs_desc_273_11\" aria-controls=\"tabs_desc_273_11\" role=\"tab\" data-toggle=\"tab\">\r\n\t\t\t\t\t\t\t\t\t\r\n\t\t\t\t\t\t\t\t\t\t\t\t\t\t\t\t\t\t\t\t\t\t\t\t\t\t\t\t\t\t\t\t\t\t\r\n\t\t\t\t\t\t\t\t\t\t\t\t\t\t\t\t\t\t\t\t\t\t\r\n\t\t\t\t\t\t\t\t\t\t\t<span>Wojew\u00f3dztwo pomorskie<\/span>\r\n\t\t\t\t\t\t\t\t\t\t\t\r\n\t\t\t\t\t\t\t\t\t\t\t\t\t\t\t\t\t\t\t\t\t\t\r\n\t\t\t\t\t\t\t\t\t\t\t\t\t\t\t\t\t\t\t\t\r\n\t\t\t\t\t\t\t\t\t\t\r\n\t\t\t\t\t\t\t\t\t\r\n\t\t\t\t\t\t\t\t<\/a>\r\n\t\t\t\t\t\t\t<\/li>\r\n\t\t\t\t\t\t\t\r\n\t\t\t\t\t\t\t<li role=\"presentation\"  >\r\n\t\t\t\t\t\t\t\t<a href=\"#tabs_desc_273_12\" aria-controls=\"tabs_desc_273_12\" role=\"tab\" data-toggle=\"tab\">\r\n\t\t\t\t\t\t\t\t\t\r\n\t\t\t\t\t\t\t\t\t\t\t\t\t\t\t\t\t\t\t\t\t\t\t\t\t\t\t\t\t\t\t\t\t\t\r\n\t\t\t\t\t\t\t\t\t\t\t\t\t\t\t\t\t\t\t\t\t\t\r\n\t\t\t\t\t\t\t\t\t\t\t<span>Wojew\u00f3dztwo \u015bl\u0105skie<\/span>\r\n\t\t\t\t\t\t\t\t\t\t\t\r\n\t\t\t\t\t\t\t\t\t\t\t\t\t\t\t\t\t\t\t\t\t\t\r\n\t\t\t\t\t\t\t\t\t\t\t\t\t\t\t\t\t\t\t\t\r\n\t\t\t\t\t\t\t\t\t\t\r\n\t\t\t\t\t\t\t\t\t\r\n\t\t\t\t\t\t\t\t<\/a>\r\n\t\t\t\t\t\t\t<\/li>\r\n\t\t\t\t\t\t\t\r\n\t\t\t\t\t\t\t<li role=\"presentation\"  >\r\n\t\t\t\t\t\t\t\t<a href=\"#tabs_desc_273_13\" aria-controls=\"tabs_desc_273_13\" role=\"tab\" data-toggle=\"tab\">\r\n\t\t\t\t\t\t\t\t\t\r\n\t\t\t\t\t\t\t\t\t\t\t\t\t\t\t\t\t\t\t\t\t\t\t\t\t\t\t\t\t\t\t\t\t\t\r\n\t\t\t\t\t\t\t\t\t\t\t\t\t\t\t\t\t\t\t\t\t\t\r\n\t\t\t\t\t\t\t\t\t\t\t<span>Wojew\u00f3dztwo \u015bwi\u0119tokrzyskie<\/span>\r\n\t\t\t\t\t\t\t\t\t\t\t\r\n\t\t\t\t\t\t\t\t\t\t\t\t\t\t\t\t\t\t\t\t\t\t\r\n\t\t\t\t\t\t\t\t\t\t\t\t\t\t\t\t\t\t\t\t\r\n\t\t\t\t\t\t\t\t\t\t\r\n\t\t\t\t\t\t\t\t\t\r\n\t\t\t\t\t\t\t\t<\/a>\r\n\t\t\t\t\t\t\t<\/li>\r\n\t\t\t\t\t\t\t\r\n\t\t\t\t\t\t\t<li role=\"presentation\"  >\r\n\t\t\t\t\t\t\t\t<a href=\"#tabs_desc_273_14\" aria-controls=\"tabs_desc_273_14\" role=\"tab\" data-toggle=\"tab\">\r\n\t\t\t\t\t\t\t\t\t\r\n\t\t\t\t\t\t\t\t\t\t\t\t\t\t\t\t\t\t\t\t\t\t\t\t\t\t\t\t\t\t\t\t\t\t\r\n\t\t\t\t\t\t\t\t\t\t\t\t\t\t\t\t\t\t\t\t\t\t\r\n\t\t\t\t\t\t\t\t\t\t\t<span>Wojew\u00f3dztwo warmi\u0144sko-mazurskie<\/span>\r\n\t\t\t\t\t\t\t\t\t\t\t\r\n\t\t\t\t\t\t\t\t\t\t\t\t\t\t\t\t\t\t\t\t\t\t\r\n\t\t\t\t\t\t\t\t\t\t\t\t\t\t\t\t\t\t\t\t\r\n\t\t\t\t\t\t\t\t\t\t\r\n\t\t\t\t\t\t\t\t\t\r\n\t\t\t\t\t\t\t\t<\/a>\r\n\t\t\t\t\t\t\t<\/li>\r\n\t\t\t\t\t\t\t\r\n\t\t\t\t\t\t\t<li role=\"presentation\"  >\r\n\t\t\t\t\t\t\t\t<a href=\"#tabs_desc_273_15\" aria-controls=\"tabs_desc_273_15\" role=\"tab\" data-toggle=\"tab\">\r\n\t\t\t\t\t\t\t\t\t\r\n\t\t\t\t\t\t\t\t\t\t\t\t\t\t\t\t\t\t\t\t\t\t\t\t\t\t\t\t\t\t\t\t\t\t\r\n\t\t\t\t\t\t\t\t\t\t\t\t\t\t\t\t\t\t\t\t\t\t\r\n\t\t\t\t\t\t\t\t\t\t\t<span>Wojew\u00f3dztwo wielkopolskie<\/span>\r\n\t\t\t\t\t\t\t\t\t\t\t\r\n\t\t\t\t\t\t\t\t\t\t\t\t\t\t\t\t\t\t\t\t\t\t\r\n\t\t\t\t\t\t\t\t\t\t\t\t\t\t\t\t\t\t\t\t\r\n\t\t\t\t\t\t\t\t\t\t\r\n\t\t\t\t\t\t\t\t\t\r\n\t\t\t\t\t\t\t\t<\/a>\r\n\t\t\t\t\t\t\t<\/li>\r\n\t\t\t\t\t\t\t\r\n\t\t\t\t\t\t\t<li role=\"presentation\"  >\r\n\t\t\t\t\t\t\t\t<a href=\"#tabs_desc_273_16\" aria-controls=\"tabs_desc_273_16\" role=\"tab\" data-toggle=\"tab\">\r\n\t\t\t\t\t\t\t\t\t\r\n\t\t\t\t\t\t\t\t\t\t\t\t\t\t\t\t\t\t\t\t\t\t\t\t\t\t\t\t\t\t\t\t\t\t\r\n\t\t\t\t\t\t\t\t\t\t\t\t\t\t\t\t\t\t\t\t\t\t\r\n\t\t\t\t\t\t\t\t\t\t\t<span>Wojew\u00f3dztwo zachodniopomorskie<\/span>\r\n\t\t\t\t\t\t\t\t\t\t\t\r\n\t\t\t\t\t\t\t\t\t\t\t\t\t\t\t\t\t\t\t\t\t\t\r\n\t\t\t\t\t\t\t\t\t\t\t\t\t\t\t\t\t\t\t\t\r\n\t\t\t\t\t\t\t\t\t\t\r\n\t\t\t\t\t\t\t\t\t\r\n\t\t\t\t\t\t\t\t<\/a>\r\n\t\t\t\t\t\t\t<\/li>\r\n\t\t\t\t\t\t\t\t\t\t\t <\/ul>\r\n\r\n\t\t\t\t\t  <!-- Tab panes -->\r\n\t\t\t\t\t  <div class=\"tab-content\" id=\"tab-content_273\">\r\n\t\t\t\t\t\t\t\t\t\t\t\t <div role=\"tabpanel\" class=\"tab-pane  in active \" id=\"tabs_desc_273_1\">\r\n\t\t\t\t\t\t\t\t<b>Importer i Serwis Centralny:<\/b><\/br>\r\nMARAX Import-Export<\/br>\r\n31-752 Krak\u00f3w<\/br>\r\nul. Makuszy\u0144skiego 24<\/br>\r\nwww.marax.pl<\/br>\r\nbiuro@marax.pl<\/br>\r\ntel: +48 12 642-27-80 w.24 i 25<\/br>\r\nfax: +48 12 644 13 12<\/br>\r\n<hr \/>\r\nZainteresowany wsp\u00f3\u0142prac\u0105? Zadzwo\u0144 lub napisz! 12 642 27 80, w. 24, 25, biuro@marax.pl\t\t\t\t\t\t <\/div>\r\n\t\t\t\t\t\t\t\t\t\t\t\t <div role=\"tabpanel\" class=\"tab-pane \" id=\"tabs_desc_273_2\">\r\n\t\t\t\t\t\t\t\tZainteresowany wsp\u00f3\u0142prac\u0105? Zadzwo\u0144 lub napisz! 12 642 27 80, w. 24, 25, biuro@marax.pl\t\t\t\t\t\t <\/div>\r\n\t\t\t\t\t\t\t\t\t\t\t\t <div role=\"tabpanel\" class=\"tab-pane \" id=\"tabs_desc_273_3\">\r\n\t\t\t\t\t\t\t\tZainteresowany wsp\u00f3\u0142prac\u0105? Zadzwo\u0144 lub napisz! 12 642 27 80, w. 24, 25, biuro@marax.pl\t\t\t\t\t\t <\/div>\r\n\t\t\t\t\t\t\t\t\t\t\t\t <div role=\"tabpanel\" class=\"tab-pane \" id=\"tabs_desc_273_4\">\r\n\t\t\t\t\t\t\t\tZainteresowany wsp\u00f3\u0142prac\u0105? Zadzwo\u0144 lub napisz! 12 642 27 80, w. 24, 25, biuro@marax.pl\t\t\t\t\t\t <\/div>\r\n\t\t\t\t\t\t\t\t\t\t\t\t <div role=\"tabpanel\" class=\"tab-pane \" id=\"tabs_desc_273_5\">\r\n\t\t\t\t\t\t\t\tZainteresowany wsp\u00f3\u0142prac\u0105? Zadzwo\u0144 lub napisz! 12 642 27 80, w. 24, 25, biuro@marax.pl\t\t\t\t\t\t <\/div>\r\n\t\t\t\t\t\t\t\t\t\t\t\t <div role=\"tabpanel\" class=\"tab-pane \" id=\"tabs_desc_273_6\">\r\n\t\t\t\t\t\t\t\tZainteresowany wsp\u00f3\u0142prac\u0105? Zadzwo\u0144 lub napisz! 12 642 27 80, w. 24, 25, biuro@marax.pl\t\t\t\t\t\t <\/div>\r\n\t\t\t\t\t\t\t\t\t\t\t\t <div role=\"tabpanel\" class=\"tab-pane \" id=\"tabs_desc_273_7\">\r\n\t\t\t\t\t\t\t\tZainteresowany wsp\u00f3\u0142prac\u0105? Zadzwo\u0144 lub napisz! 12 642 27 80, w. 24, 25, biuro@marax.pl\t\t\t\t\t\t <\/div>\r\n\t\t\t\t\t\t\t\t\t\t\t\t <div role=\"tabpanel\" class=\"tab-pane \" id=\"tabs_desc_273_8\">\r\n\t\t\t\t\t\t\t\tZainteresowany wsp\u00f3\u0142prac\u0105? Zadzwo\u0144 lub napisz! 12 642 27 80, w. 24, 25, biuro@marax.pl\t\t\t\t\t\t <\/div>\r\n\t\t\t\t\t\t\t\t\t\t\t\t <div role=\"tabpanel\" class=\"tab-pane \" id=\"tabs_desc_273_9\">\r\n\t\t\t\t\t\t\t\tZainteresowany wsp\u00f3\u0142prac\u0105? Zadzwo\u0144 lub napisz! 12 642 27 80, w. 24, 25, biuro@marax.pl\t\t\t\t\t\t <\/div>\r\n\t\t\t\t\t\t\t\t\t\t\t\t <div role=\"tabpanel\" class=\"tab-pane \" id=\"tabs_desc_273_10\">\r\n\t\t\t\t\t\t\t\tZainteresowany wsp\u00f3\u0142prac\u0105? Zadzwo\u0144 lub napisz! 12 642 27 80, w. 24, 25, biuro@marax.pl\t\t\t\t\t\t <\/div>\r\n\t\t\t\t\t\t\t\t\t\t\t\t <div role=\"tabpanel\" class=\"tab-pane \" id=\"tabs_desc_273_11\">\r\n\t\t\t\t\t\t\t\tZainteresowany wsp\u00f3\u0142prac\u0105? Zadzwo\u0144 lub napisz! 12 642 27 80, w. 24, 25, biuro@marax.pl\t\t\t\t\t\t <\/div>\r\n\t\t\t\t\t\t\t\t\t\t\t\t <div role=\"tabpanel\" class=\"tab-pane \" id=\"tabs_desc_273_12\">\r\n\t\t\t\t\t\t\t\tZainteresowany wsp\u00f3\u0142prac\u0105? Zadzwo\u0144 lub napisz! 12 642 27 80, w. 24, 25, biuro@marax.pl\t\t\t\t\t\t <\/div>\r\n\t\t\t\t\t\t\t\t\t\t\t\t <div role=\"tabpanel\" class=\"tab-pane \" id=\"tabs_desc_273_13\">\r\n\t\t\t\t\t\t\t\tZainteresowany wsp\u00f3\u0142prac\u0105? Zadzwo\u0144 lub napisz! 12 642 27 80, w. 24, 25, biuro@marax.pl\t\t\t\t\t\t <\/div>\r\n\t\t\t\t\t\t\t\t\t\t\t\t <div role=\"tabpanel\" class=\"tab-pane \" id=\"tabs_desc_273_14\">\r\n\t\t\t\t\t\t\t\tZainteresowany wsp\u00f3\u0142prac\u0105? Zadzwo\u0144 lub napisz! 12 642 27 80, w. 24, 25, biuro@marax.pl\t\t\t\t\t\t <\/div>\r\n\t\t\t\t\t\t\t\t\t\t\t\t <div role=\"tabpanel\" class=\"tab-pane \" id=\"tabs_desc_273_15\">\r\n\t\t\t\t\t\t\t\tZainteresowany wsp\u00f3\u0142prac\u0105? Zadzwo\u0144 lub napisz! 12 642 27 80, w. 24, 25, biuro@marax.pl\t\t\t\t\t\t <\/div>\r\n\t\t\t\t\t\t\t\t\t\t\t\t <div role=\"tabpanel\" class=\"tab-pane \" id=\"tabs_desc_273_16\">\r\n\t\t\t\t\t\t\t\tZainteresowany wsp\u00f3\u0142prac\u0105? Zadzwo\u0144 lub napisz! 12 642 27 80, w. 24, 25, biuro@marax.pl\t\t\t\t\t\t <\/div>\r\n\t\t\t\t\t\t\t\r\n\t\t\t\t\t <\/div>\r\n\t\t\t\t\t \r\n\t\t\t\t <\/div>\r\n <script>\r\n\t\tjQuery(function () {\r\n\t\t\tjQuery('#myTab_273 a:first').tab('show')\r\n\t\t});\r\n\t\t\r\n\t\t\t\tjQuery(function(){\r\n\t\t\tvar b=\"fadeIn\";\r\n\t\t\tvar c;\r\n\t\t\tvar a;\r\n\t\t\td(jQuery(\"#myTab_273 a\"),jQuery(\"#tab-content_273\"));function d(e,f,g){\r\n\t\t\t\te.click(function(i){\r\n\t\t\t\t\ti.preventDefault();\r\n\t\t\t\t\tjQuery(this).tab(\"show\");\r\n\t\t\t\t\tvar h=jQuery(this).data(\"easein\");\r\n\t\t\t\t\tif(c){c.removeClass(a);}\r\n\t\t\t\t\tif(h){f.find(\"div.active\").addClass(\"animated \"+h);a=h;}\r\n\t\t\t\t\telse{if(g){f.find(\"div.active\").addClass(\"animated \"+g);a=g;}else{f.find(\"div.active\").addClass(\"animated \"+b);a=b;}}c=f.find(\"div.active\");\r\n\t\t\t\t});\r\n\t\t\t}\r\n\t\t});\r\n\t\t\t<\/script>\r\n\t\t\t\t\r\n\t\t\t\n","protected":false},"excerpt":{"rendered":"","protected":false},"author":2,"featured_media":0,"parent":0,"menu_order":0,"comment_status":"closed","ping_status":"closed","template":"","meta":[],"yoast_head":"<!-- This site is optimized with the Yoast SEO plugin v17.0 - https:\/\/yoast.com\/wordpress\/plugins\/seo\/ -->\n<title>DYSTRYBUCJA I SERWIS - FIRMAN - nagrzewnice powietrza i agregaty pr\u0105dotw\u00f3rcze<\/title>\n<meta name=\"robots\" content=\"index, follow, max-snippet:-1, max-image-preview:large, max-video-preview:-1\" \/>\n<link rel=\"canonical\" href=\"http:\/\/firman.com.pl\/index.php\/dystrybucja-i-serwis\/\" \/>\n<meta property=\"og:locale\" content=\"pl_PL\" \/>\n<meta property=\"og:type\" content=\"article\" \/>\n<meta property=\"og:title\" content=\"DYSTRYBUCJA I SERWIS - FIRMAN - nagrzewnice powietrza i agregaty pr\u0105dotw\u00f3rcze\" \/>\n<meta property=\"og:url\" content=\"http:\/\/firman.com.pl\/index.php\/dystrybucja-i-serwis\/\" \/>\n<meta property=\"og:site_name\" content=\"FIRMAN - nagrzewnice powietrza i agregaty pr\u0105dotw\u00f3rcze\" \/>\n<meta property=\"article:modified_time\" content=\"2017-09-11T07:32:44+00:00\" \/>\n<meta name=\"twitter:card\" content=\"summary\" \/>\n<script type=\"application\/ld+json\" class=\"yoast-schema-graph\">{\"@context\":\"https:\/\/schema.org\",\"@graph\":[{\"@type\":\"WebSite\",\"@id\":\"https:\/\/firman.com.pl\/#website\",\"url\":\"https:\/\/firman.com.pl\/\",\"name\":\"FIRMAN - nagrzewnice powietrza i agregaty pr\\u0105dotw\\u00f3rcze\",\"description\":\"\",\"potentialAction\":[{\"@type\":\"SearchAction\",\"target\":{\"@type\":\"EntryPoint\",\"urlTemplate\":\"https:\/\/firman.com.pl\/?s={search_term_string}\"},\"query-input\":\"required name=search_term_string\"}],\"inLanguage\":\"pl-PL\"},{\"@type\":\"WebPage\",\"@id\":\"http:\/\/firman.com.pl\/index.php\/dystrybucja-i-serwis\/#webpage\",\"url\":\"http:\/\/firman.com.pl\/index.php\/dystrybucja-i-serwis\/\",\"name\":\"DYSTRYBUCJA I SERWIS - FIRMAN - nagrzewnice powietrza i agregaty pr\\u0105dotw\\u00f3rcze\",\"isPartOf\":{\"@id\":\"https:\/\/firman.com.pl\/#website\"},\"datePublished\":\"2017-09-04T14:07:18+00:00\",\"dateModified\":\"2017-09-11T07:32:44+00:00\",\"breadcrumb\":{\"@id\":\"http:\/\/firman.com.pl\/index.php\/dystrybucja-i-serwis\/#breadcrumb\"},\"inLanguage\":\"pl-PL\",\"potentialAction\":[{\"@type\":\"ReadAction\",\"target\":[\"http:\/\/firman.com.pl\/index.php\/dystrybucja-i-serwis\/\"]}]},{\"@type\":\"BreadcrumbList\",\"@id\":\"http:\/\/firman.com.pl\/index.php\/dystrybucja-i-serwis\/#breadcrumb\",\"itemListElement\":[{\"@type\":\"ListItem\",\"position\":1,\"name\":\"Strona g\\u0142\\u00f3wna\",\"item\":\"https:\/\/firman.com.pl\/\"},{\"@type\":\"ListItem\",\"position\":2,\"name\":\"DYSTRYBUCJA I SERWIS\"}]}]}<\/script>\n<!-- \/ Yoast SEO plugin. -->","yoast_head_json":{"title":"DYSTRYBUCJA I SERWIS - FIRMAN - nagrzewnice powietrza i agregaty pr\u0105dotw\u00f3rcze","robots":{"index":"index","follow":"follow","max-snippet":"max-snippet:-1","max-image-preview":"max-image-preview:large","max-video-preview":"max-video-preview:-1"},"canonical":"http:\/\/firman.com.pl\/index.php\/dystrybucja-i-serwis\/","og_locale":"pl_PL","og_type":"article","og_title":"DYSTRYBUCJA I SERWIS - FIRMAN - nagrzewnice powietrza i agregaty pr\u0105dotw\u00f3rcze","og_url":"http:\/\/firman.com.pl\/index.php\/dystrybucja-i-serwis\/","og_site_name":"FIRMAN - nagrzewnice powietrza i agregaty pr\u0105dotw\u00f3rcze","article_modified_time":"2017-09-11T07:32:44+00:00","twitter_card":"summary","schema":{"@context":"https:\/\/schema.org","@graph":[{"@type":"WebSite","@id":"https:\/\/firman.com.pl\/#website","url":"https:\/\/firman.com.pl\/","name":"FIRMAN - nagrzewnice powietrza i agregaty pr\u0105dotw\u00f3rcze","description":"","potentialAction":[{"@type":"SearchAction","target":{"@type":"EntryPoint","urlTemplate":"https:\/\/firman.com.pl\/?s={search_term_string}"},"query-input":"required name=search_term_string"}],"inLanguage":"pl-PL"},{"@type":"WebPage","@id":"http:\/\/firman.com.pl\/index.php\/dystrybucja-i-serwis\/#webpage","url":"http:\/\/firman.com.pl\/index.php\/dystrybucja-i-serwis\/","name":"DYSTRYBUCJA I SERWIS - FIRMAN - nagrzewnice powietrza i agregaty pr\u0105dotw\u00f3rcze","isPartOf":{"@id":"https:\/\/firman.com.pl\/#website"},"datePublished":"2017-09-04T14:07:18+00:00","dateModified":"2017-09-11T07:32:44+00:00","breadcrumb":{"@id":"http:\/\/firman.com.pl\/index.php\/dystrybucja-i-serwis\/#breadcrumb"},"inLanguage":"pl-PL","potentialAction":[{"@type":"ReadAction","target":["http:\/\/firman.com.pl\/index.php\/dystrybucja-i-serwis\/"]}]},{"@type":"BreadcrumbList","@id":"http:\/\/firman.com.pl\/index.php\/dystrybucja-i-serwis\/#breadcrumb","itemListElement":[{"@type":"ListItem","position":1,"name":"Strona g\u0142\u00f3wna","item":"https:\/\/firman.com.pl\/"},{"@type":"ListItem","position":2,"name":"DYSTRYBUCJA I SERWIS"}]}]}},"_links":{"self":[{"href":"http:\/\/firman.com.pl\/index.php\/wp-json\/wp\/v2\/pages\/45"}],"collection":[{"href":"http:\/\/firman.com.pl\/index.php\/wp-json\/wp\/v2\/pages"}],"about":[{"href":"http:\/\/firman.com.pl\/index.php\/wp-json\/wp\/v2\/types\/page"}],"author":[{"embeddable":true,"href":"http:\/\/firman.com.pl\/index.php\/wp-json\/wp\/v2\/users\/2"}],"replies":[{"embeddable":true,"href":"http:\/\/firman.com.pl\/index.php\/wp-json\/wp\/v2\/comments?post=45"}],"version-history":[{"count":4,"href":"http:\/\/firman.com.pl\/index.php\/wp-json\/wp\/v2\/pages\/45\/revisions"}],"predecessor-version":[{"id":274,"href":"http:\/\/firman.com.pl\/index.php\/wp-json\/wp\/v2\/pages\/45\/revisions\/274"}],"wp:attachment":[{"href":"http:\/\/firman.com.pl\/index.php\/wp-json\/wp\/v2\/media?parent=45"}],"curies":[{"name":"wp","href":"https:\/\/api.w.org\/{rel}","templated":true}]}}