{"id":296,"date":"2017-09-11T15:13:34","date_gmt":"2017-09-11T13:13:34","guid":{"rendered":"http:\/\/firman.com.pl\/?page_id=296"},"modified":"2017-09-11T15:28:47","modified_gmt":"2017-09-11T13:28:47","slug":"pelny-asortyment","status":"publish","type":"page","link":"https:\/\/firman.com.pl\/index.php\/pelny-asortyment\/","title":{"rendered":"PE\u0141NY ASORTYMENT"},"content":{"rendered":"<p>Pe\u0142ny asortyment naszych produkt\u00f3w znajduje si\u0119 na stronie <a href=\"http:\/\/www.new.xaram.pl\">www.xaram.pl<\/a>. Znajduj\u0105 si\u0119 tam:<\/p>\n<ul>\n<li>nagrzewnice powietrza: olejowe bez odprowadzenia spalin oraz z odprowadzeniem Tiger King, bez odprowadzenia spalin oraz z odprowadzeniem spalin Z-Fire, promienniki olejowe<\/li>\n<li>nagrzewnice elektryczne: Xaram Energy \/ Dania, Xaram Energy \/ Heater, kana\u0142owe, Xaram Energy SH, NXG<\/li>\n<li>piece nadmuchowe: multiolejowe, olejowe<\/li>\n<li>parasole grzewcze<\/li>\n<li>elektroniczne bidety<\/li>\n<\/ul>\n<p>Zapraszamy do zapoznania si\u0119 z ofert\u0105.<\/p>\n<p><a href=\"http:\/\/www.new.xaram.pl\">www.xaram.pl<\/a><\/p>\n<p>&nbsp;<\/p>\n","protected":false},"excerpt":{"rendered":"<p>Pe\u0142ny asortyment naszych produkt\u00f3w znajduje si\u0119 na stronie www.xaram.pl. Znajduj\u0105 si\u0119 tam: nagrzewnice powietrza: olejowe bez odprowadzenia spalin oraz z odprowadzeniem Tiger King, bez odprowadzenia spalin oraz z odprowadzeniem spalin Z-Fire, promienniki olejowe nagrzewnice elektryczne: Xaram Energy \/ Dania, Xaram Energy \/ Heater, kana\u0142owe, Xaram Energy SH, NXG piece nadmuchowe: multiolejowe, olejowe parasole grzewcze elektroniczne [&hellip;]<\/p>\n","protected":false},"author":2,"featured_media":298,"parent":0,"menu_order":0,"comment_status":"closed","ping_status":"closed","template":"","meta":[],"yoast_head":"<!-- This site is optimized with the Yoast SEO plugin v17.0 - https:\/\/yoast.com\/wordpress\/plugins\/seo\/ -->\n<title>PE\u0141NY ASORTYMENT - FIRMAN - nagrzewnice powietrza i agregaty pr\u0105dotw\u00f3rcze<\/title>\n<meta name=\"robots\" content=\"index, follow, max-snippet:-1, max-image-preview:large, max-video-preview:-1\" \/>\n<link rel=\"canonical\" href=\"http:\/\/firman.com.pl\/index.php\/pelny-asortyment\/\" \/>\n<meta property=\"og:locale\" content=\"pl_PL\" \/>\n<meta property=\"og:type\" content=\"article\" \/>\n<meta property=\"og:title\" content=\"PE\u0141NY ASORTYMENT - FIRMAN - nagrzewnice powietrza i agregaty pr\u0105dotw\u00f3rcze\" \/>\n<meta property=\"og:description\" content=\"Pe\u0142ny asortyment naszych produkt\u00f3w znajduje si\u0119 na stronie www.xaram.pl. Znajduj\u0105 si\u0119 tam: nagrzewnice powietrza: olejowe bez odprowadzenia spalin oraz z odprowadzeniem Tiger King, bez odprowadzenia spalin oraz z odprowadzeniem spalin Z-Fire, promienniki olejowe nagrzewnice elektryczne: Xaram Energy \/ Dania, Xaram Energy \/ Heater, kana\u0142owe, Xaram Energy SH, NXG piece nadmuchowe: multiolejowe, olejowe parasole grzewcze elektroniczne [&hellip;]\" \/>\n<meta property=\"og:url\" content=\"http:\/\/firman.com.pl\/index.php\/pelny-asortyment\/\" \/>\n<meta property=\"og:site_name\" content=\"FIRMAN - nagrzewnice powietrza i agregaty pr\u0105dotw\u00f3rcze\" \/>\n<meta property=\"article:modified_time\" content=\"2017-09-11T13:28:47+00:00\" \/>\n<meta property=\"og:image\" content=\"http:\/\/firman.com.pl\/wp-content\/uploads\/2017\/09\/asortyment.png\" \/>\n\t<meta property=\"og:image:width\" content=\"270\" \/>\n\t<meta property=\"og:image:height\" content=\"250\" \/>\n<meta name=\"twitter:card\" content=\"summary\" \/>\n<script type=\"application\/ld+json\" class=\"yoast-schema-graph\">{\"@context\":\"https:\/\/schema.org\",\"@graph\":[{\"@type\":\"WebSite\",\"@id\":\"https:\/\/firman.com.pl\/#website\",\"url\":\"https:\/\/firman.com.pl\/\",\"name\":\"FIRMAN - nagrzewnice powietrza i agregaty pr\\u0105dotw\\u00f3rcze\",\"description\":\"\",\"potentialAction\":[{\"@type\":\"SearchAction\",\"target\":{\"@type\":\"EntryPoint\",\"urlTemplate\":\"https:\/\/firman.com.pl\/?s={search_term_string}\"},\"query-input\":\"required name=search_term_string\"}],\"inLanguage\":\"pl-PL\"},{\"@type\":\"ImageObject\",\"@id\":\"http:\/\/firman.com.pl\/index.php\/pelny-asortyment\/#primaryimage\",\"inLanguage\":\"pl-PL\",\"url\":\"https:\/\/firman.com.pl\/wp-content\/uploads\/2017\/09\/asortyment.png\",\"contentUrl\":\"https:\/\/firman.com.pl\/wp-content\/uploads\/2017\/09\/asortyment.png\",\"width\":270,\"height\":250},{\"@type\":\"WebPage\",\"@id\":\"http:\/\/firman.com.pl\/index.php\/pelny-asortyment\/#webpage\",\"url\":\"http:\/\/firman.com.pl\/index.php\/pelny-asortyment\/\",\"name\":\"PE\\u0141NY ASORTYMENT - FIRMAN - nagrzewnice powietrza i agregaty pr\\u0105dotw\\u00f3rcze\",\"isPartOf\":{\"@id\":\"https:\/\/firman.com.pl\/#website\"},\"primaryImageOfPage\":{\"@id\":\"http:\/\/firman.com.pl\/index.php\/pelny-asortyment\/#primaryimage\"},\"datePublished\":\"2017-09-11T13:13:34+00:00\",\"dateModified\":\"2017-09-11T13:28:47+00:00\",\"breadcrumb\":{\"@id\":\"http:\/\/firman.com.pl\/index.php\/pelny-asortyment\/#breadcrumb\"},\"inLanguage\":\"pl-PL\",\"potentialAction\":[{\"@type\":\"ReadAction\",\"target\":[\"http:\/\/firman.com.pl\/index.php\/pelny-asortyment\/\"]}]},{\"@type\":\"BreadcrumbList\",\"@id\":\"http:\/\/firman.com.pl\/index.php\/pelny-asortyment\/#breadcrumb\",\"itemListElement\":[{\"@type\":\"ListItem\",\"position\":1,\"name\":\"Strona g\\u0142\\u00f3wna\",\"item\":\"https:\/\/firman.com.pl\/\"},{\"@type\":\"ListItem\",\"position\":2,\"name\":\"PE\\u0141NY ASORTYMENT\"}]}]}<\/script>\n<!-- \/ Yoast SEO plugin. -->","yoast_head_json":{"title":"PE\u0141NY ASORTYMENT - FIRMAN - nagrzewnice powietrza i agregaty pr\u0105dotw\u00f3rcze","robots":{"index":"index","follow":"follow","max-snippet":"max-snippet:-1","max-image-preview":"max-image-preview:large","max-video-preview":"max-video-preview:-1"},"canonical":"http:\/\/firman.com.pl\/index.php\/pelny-asortyment\/","og_locale":"pl_PL","og_type":"article","og_title":"PE\u0141NY ASORTYMENT - FIRMAN - nagrzewnice powietrza i agregaty pr\u0105dotw\u00f3rcze","og_description":"Pe\u0142ny asortyment naszych produkt\u00f3w znajduje si\u0119 na stronie www.xaram.pl. Znajduj\u0105 si\u0119 tam: nagrzewnice powietrza: olejowe bez odprowadzenia spalin oraz z odprowadzeniem Tiger King, bez odprowadzenia spalin oraz z odprowadzeniem spalin Z-Fire, promienniki olejowe nagrzewnice elektryczne: Xaram Energy \/ Dania, Xaram Energy \/ Heater, kana\u0142owe, Xaram Energy SH, NXG piece nadmuchowe: multiolejowe, olejowe parasole grzewcze elektroniczne [&hellip;]","og_url":"http:\/\/firman.com.pl\/index.php\/pelny-asortyment\/","og_site_name":"FIRMAN - nagrzewnice powietrza i agregaty pr\u0105dotw\u00f3rcze","article_modified_time":"2017-09-11T13:28:47+00:00","og_image":[{"width":270,"height":250,"url":"http:\/\/firman.com.pl\/wp-content\/uploads\/2017\/09\/asortyment.png","path":"\/home\/marax\/ftp\/strony\/firman\/wp-content\/uploads\/2017\/09\/asortyment.png","size":"full","id":298,"alt":"","pixels":67500,"type":"image\/png"}],"twitter_card":"summary","schema":{"@context":"https:\/\/schema.org","@graph":[{"@type":"WebSite","@id":"https:\/\/firman.com.pl\/#website","url":"https:\/\/firman.com.pl\/","name":"FIRMAN - nagrzewnice powietrza i agregaty pr\u0105dotw\u00f3rcze","description":"","potentialAction":[{"@type":"SearchAction","target":{"@type":"EntryPoint","urlTemplate":"https:\/\/firman.com.pl\/?s={search_term_string}"},"query-input":"required name=search_term_string"}],"inLanguage":"pl-PL"},{"@type":"ImageObject","@id":"http:\/\/firman.com.pl\/index.php\/pelny-asortyment\/#primaryimage","inLanguage":"pl-PL","url":"https:\/\/firman.com.pl\/wp-content\/uploads\/2017\/09\/asortyment.png","contentUrl":"https:\/\/firman.com.pl\/wp-content\/uploads\/2017\/09\/asortyment.png","width":270,"height":250},{"@type":"WebPage","@id":"http:\/\/firman.com.pl\/index.php\/pelny-asortyment\/#webpage","url":"http:\/\/firman.com.pl\/index.php\/pelny-asortyment\/","name":"PE\u0141NY ASORTYMENT - FIRMAN - nagrzewnice powietrza i agregaty pr\u0105dotw\u00f3rcze","isPartOf":{"@id":"https:\/\/firman.com.pl\/#website"},"primaryImageOfPage":{"@id":"http:\/\/firman.com.pl\/index.php\/pelny-asortyment\/#primaryimage"},"datePublished":"2017-09-11T13:13:34+00:00","dateModified":"2017-09-11T13:28:47+00:00","breadcrumb":{"@id":"http:\/\/firman.com.pl\/index.php\/pelny-asortyment\/#breadcrumb"},"inLanguage":"pl-PL","potentialAction":[{"@type":"ReadAction","target":["http:\/\/firman.com.pl\/index.php\/pelny-asortyment\/"]}]},{"@type":"BreadcrumbList","@id":"http:\/\/firman.com.pl\/index.php\/pelny-asortyment\/#breadcrumb","itemListElement":[{"@type":"ListItem","position":1,"name":"Strona g\u0142\u00f3wna","item":"https:\/\/firman.com.pl\/"},{"@type":"ListItem","position":2,"name":"PE\u0141NY ASORTYMENT"}]}]}},"_links":{"self":[{"href":"https:\/\/firman.com.pl\/index.php\/wp-json\/wp\/v2\/pages\/296"}],"collection":[{"href":"https:\/\/firman.com.pl\/index.php\/wp-json\/wp\/v2\/pages"}],"about":[{"href":"https:\/\/firman.com.pl\/index.php\/wp-json\/wp\/v2\/types\/page"}],"author":[{"embeddable":true,"href":"https:\/\/firman.com.pl\/index.php\/wp-json\/wp\/v2\/users\/2"}],"replies":[{"embeddable":true,"href":"https:\/\/firman.com.pl\/index.php\/wp-json\/wp\/v2\/comments?post=296"}],"version-history":[{"count":1,"href":"https:\/\/firman.com.pl\/index.php\/wp-json\/wp\/v2\/pages\/296\/revisions"}],"predecessor-version":[{"id":297,"href":"https:\/\/firman.com.pl\/index.php\/wp-json\/wp\/v2\/pages\/296\/revisions\/297"}],"wp:featuredmedia":[{"embeddable":true,"href":"https:\/\/firman.com.pl\/index.php\/wp-json\/wp\/v2\/media\/298"}],"wp:attachment":[{"href":"https:\/\/firman.com.pl\/index.php\/wp-json\/wp\/v2\/media?parent=296"}],"curies":[{"name":"wp","href":"https:\/\/api.w.org\/{rel}","templated":true}]}}