{"id":36,"date":"2017-09-04T15:57:32","date_gmt":"2017-09-04T13:57:32","guid":{"rendered":"http:\/\/firman.com.pl\/?page_id=36"},"modified":"2020-12-29T13:35:04","modified_gmt":"2020-12-29T12:35:04","slug":"kontakt","status":"publish","type":"page","link":"https:\/\/firman.com.pl\/index.php\/kontakt\/","title":{"rendered":"KONTAKT"},"content":{"rendered":"<div class=\"entry-content\">\n<table class=\" alignright\">\n<tbody>\n<tr>\n<td>\n<h3 style=\"text-align: center;\"><span style=\"color: #000000;\"><strong>Kontakt:<\/strong><\/span><\/h3>\n<h4 style=\"text-align: center;\"><span style=\"color: #333333;\">+48 533 336 136 <\/span><\/h4>\n<h4 style=\"text-align: center;\"><span style=\"color: #333333;\">+48 609 564 760<\/span><br \/>\n<span style=\"color: #333333;\">e-mail: biuro@marax.pl<\/span><\/h4>\n<\/td>\n<td>\n<h3 style=\"text-align: center;\"><span style=\"color: #000000;\"><strong>Siedziba firmy:<\/strong><\/span><\/h3>\n<h5 style=\"text-align: center;\"><span style=\"color: #333333;\">MARAX R.Raj Sp\u00f3\u0142ka Jawna<\/span><br \/>\n<span style=\"color: #333333;\">Kuty 15, 11-610 Pozezdrze, Mazury, Poland<\/span><br \/>\n<span style=\"color: #333333;\">NIP: PL 6780058684, REGON: 350617880, <\/span><span style=\"color: #333333;\">Numer KRS: 76208<\/span><\/h5>\n<h3 style=\"text-align: center;\"><span style=\"color: #000000;\"><strong>Biuro handlowe:<\/strong><\/span><\/h3>\n<h5 style=\"text-align: center;\"><span style=\"color: #333333;\">MARAX\u00ae Import \u2013 Export<\/span><br \/>\n<span style=\"color: #333333;\">ul. Bia\u0142ostocka 42B, 11-500 Gi\u017cycko, Mazury, Poland<\/span><\/h5>\n<\/td>\n<td>\n<div id=\"primary\">\n<article id=\"post-8\">\n<div>\n<div data-section-id=\"pn0\">\n<div tabindex=\"0\" role=\"button\" data-hide-tooltip-on-mouse-move=\"true\" data-href=\"tel:+48537466555\" data-section-id=\"pn0\" data-tooltip=\"Kopiuj numer telefonu\">\n<div>\n<h3 style=\"text-align: center;\"><span style=\"color: #000000;\"><strong>Sklep firmowy<br \/>\n<\/strong><\/span><\/h3>\n<h3 style=\"text-align: center;\"><span style=\"color: #000000;\"><strong>Serwis centralny w Polsce:<\/strong><\/span><\/h3>\n<h5 style=\"text-align: center;\"><span style=\"color: #333333;\">PEWEX<\/span><\/h5>\n<h5 style=\"text-align: center;\"><span style=\"color: #333333;\">ul. Bia\u0142ostocka 22, 11-500 Gi\u017cycko<\/span><\/h5>\n<h5 style=\"text-align: center;\"><span style=\"color: #333333;\">tel: +48 537 466 555<\/span><\/h5>\n<div>\n<div id=\"primary\">\n<article id=\"post-8\">\n<div>\n<div data-section-id=\"pn0\">\n<div tabindex=\"0\" role=\"button\" data-hide-tooltip-on-mouse-move=\"true\" data-href=\"tel:+48537466555\" data-section-id=\"pn0\" data-tooltip=\"Kopiuj numer telefonu\">\n<h5 style=\"text-align: center;\"><span style=\"color: #333333;\">e-mail.\u00a0pewex.gizycko@wp.pl<\/span><\/h5>\n<h5 style=\"text-align: center;\"><span style=\"color: #333333;\"><a style=\"color: #333333;\" href=\"http:\/\/www.pewex-gizycko.pl\">www.pewex-gizycko.pl<\/a><\/span><\/h5>\n<\/div>\n<\/div>\n<\/div>\n<\/article>\n<\/div>\n<\/div>\n<\/div>\n<\/div>\n<\/div>\n<\/div>\n<\/article>\n<\/div>\n<\/td>\n<\/tr>\n<tr>\n<td>\n<h3 style=\"text-align: center;\"><span style=\"color: #000000;\"><strong>Godziny pracy firmy:<\/strong><\/span><\/h3>\n<p style=\"text-align: center;\">\n<h4 style=\"text-align: center;\"><span style=\"color: #333333;\">Pn.-Pt. 10.00 \u2013 15.00<\/span><\/h4>\n<\/td>\n<td>\n<h3 style=\"text-align: center;\"><span style=\"color: #000000;\"><strong>Konta bankowe:<\/strong><\/span><\/h3>\n<p style=\"text-align: center;\">\n<h5 style=\"text-align: center;\"><span style=\"color: #333333;\">MARAX R.Raj Sp\u00f3\u0142ka Jawna<\/span><\/h5>\n<h5 style=\"text-align: center;\"><span style=\"color: #333333;\">KUTY 15, 11-610 POZEZDRZE<\/span><\/h5>\n<h4 style=\"text-align: center;\"><span style=\"color: #993300;\"><strong>Rachunek z\u0142ot\u00f3wkowy w PLN<\/strong><\/span><\/h4>\n<h5 style=\"text-align: center;\"><span style=\"color: #333333;\">Nr konta: 71 1140 2004 0000 3102 7959 0866<\/span><\/h5>\n<\/td>\n<td>\n<h3 style=\"text-align: center;\"><span style=\"color: #000000;\"><strong>Przelewy zagraniczne:<\/strong><\/span><\/h3>\n<p style=\"text-align: center;\">\n<h4 style=\"text-align: center;\"><span style=\"color: #993300;\"><strong>Rachunek walutowy w EUR<\/strong><\/span><\/h4>\n<h5 style=\"text-align: center;\"><span style=\"color: #333333;\">IBAN: PL 72 1090 1665 0000 0001 1640 8812<\/span><\/h5>\n<h5 style=\"text-align: center;\"><span style=\"color: #333333;\">SWIFT: WBKPPLPP<\/span><\/h5>\n<h4 style=\"text-align: center;\"><span style=\"color: #993300;\"><strong>Rachunek walutowy w USD<\/strong><\/span><\/h4>\n<h5 style=\"text-align: center;\"><span style=\"color: #333333;\">IBAN: PL 05 1090 1665 0000 0001 1900 4768<\/span><\/h5>\n<h5 style=\"text-align: center;\"><span style=\"color: #333333;\">SWIFT: WBKPPLPP<\/span><\/h5>\n<\/td>\n<\/tr>\n<\/tbody>\n<\/table>\n<p><iframe loading=\"lazy\" src=\"https:\/\/www.google.com\/maps\/embed?pb=!1m18!1m12!1m3!1d2559.799470179998!2d20.03933106202879!3d50.09004121531256!2m3!1f0!2f0!3f0!3m2!1i1024!2i768!4f13.1!3m3!1m2!1s0x471645429e6761cb%3A0x4dd1e7a0bd20cb20!2sMARAX+Import-Export!5e0!3m2!1spl!2spl!4v1498592378177\" width=\"1900\" height=\"600\" frameborder=\"0\" allowfullscreen=\"allowfullscreen\" data-mce-fragment=\"1\"><\/iframe><\/p>\n<\/div>\n","protected":false},"excerpt":{"rendered":"<p>Kontakt: +48 533 336 136 +48 609 564 760 e-mail: biuro@marax.pl Siedziba firmy: MARAX R.Raj Sp\u00f3\u0142ka Jawna Kuty 15, 11-610 Pozezdrze, Mazury, Poland NIP: PL 6780058684, REGON: 350617880, Numer KRS: 76208 Biuro handlowe: MARAX\u00ae Import \u2013 Export ul. Bia\u0142ostocka 42B, 11-500 Gi\u017cycko, Mazury, Poland Sklep firmowy Serwis centralny w Polsce: PEWEX ul. Bia\u0142ostocka 22, 11-500 [&hellip;]<\/p>\n","protected":false},"author":2,"featured_media":0,"parent":0,"menu_order":0,"comment_status":"closed","ping_status":"closed","template":"","meta":[],"yoast_head":"<!-- This site is optimized with the Yoast SEO plugin v17.0 - https:\/\/yoast.com\/wordpress\/plugins\/seo\/ -->\n<title>KONTAKT - FIRMAN - nagrzewnice powietrza i agregaty pr\u0105dotw\u00f3rcze<\/title>\n<meta name=\"robots\" content=\"index, follow, max-snippet:-1, max-image-preview:large, max-video-preview:-1\" \/>\n<link rel=\"canonical\" href=\"http:\/\/firman.com.pl\/index.php\/kontakt\/\" \/>\n<meta property=\"og:locale\" content=\"pl_PL\" \/>\n<meta property=\"og:type\" content=\"article\" \/>\n<meta property=\"og:title\" content=\"KONTAKT - FIRMAN - nagrzewnice powietrza i agregaty pr\u0105dotw\u00f3rcze\" \/>\n<meta property=\"og:description\" content=\"Kontakt: +48 533 336 136 +48 609 564 760 e-mail: biuro@marax.pl Siedziba firmy: MARAX R.Raj Sp\u00f3\u0142ka Jawna Kuty 15, 11-610 Pozezdrze, Mazury, Poland NIP: PL 6780058684, REGON: 350617880, Numer KRS: 76208 Biuro handlowe: MARAX\u00ae Import \u2013 Export ul. Bia\u0142ostocka 42B, 11-500 Gi\u017cycko, Mazury, Poland Sklep firmowy Serwis centralny w Polsce: PEWEX ul. Bia\u0142ostocka 22, 11-500 [&hellip;]\" \/>\n<meta property=\"og:url\" content=\"http:\/\/firman.com.pl\/index.php\/kontakt\/\" \/>\n<meta property=\"og:site_name\" content=\"FIRMAN - nagrzewnice powietrza i agregaty pr\u0105dotw\u00f3rcze\" \/>\n<meta property=\"article:modified_time\" content=\"2020-12-29T12:35:04+00:00\" \/>\n<meta name=\"twitter:card\" content=\"summary\" \/>\n<meta name=\"twitter:label1\" content=\"Szacowany czas czytania\" \/>\n\t<meta name=\"twitter:data1\" content=\"1 minuta\" \/>\n<script type=\"application\/ld+json\" class=\"yoast-schema-graph\">{\"@context\":\"https:\/\/schema.org\",\"@graph\":[{\"@type\":\"WebSite\",\"@id\":\"http:\/\/firman.com.pl\/#website\",\"url\":\"http:\/\/firman.com.pl\/\",\"name\":\"FIRMAN - nagrzewnice powietrza i agregaty pr\\u0105dotw\\u00f3rcze\",\"description\":\"\",\"potentialAction\":[{\"@type\":\"SearchAction\",\"target\":{\"@type\":\"EntryPoint\",\"urlTemplate\":\"http:\/\/firman.com.pl\/?s={search_term_string}\"},\"query-input\":\"required name=search_term_string\"}],\"inLanguage\":\"pl-PL\"},{\"@type\":\"WebPage\",\"@id\":\"http:\/\/firman.com.pl\/index.php\/kontakt\/#webpage\",\"url\":\"http:\/\/firman.com.pl\/index.php\/kontakt\/\",\"name\":\"KONTAKT - FIRMAN - nagrzewnice powietrza i agregaty pr\\u0105dotw\\u00f3rcze\",\"isPartOf\":{\"@id\":\"http:\/\/firman.com.pl\/#website\"},\"datePublished\":\"2017-09-04T13:57:32+00:00\",\"dateModified\":\"2020-12-29T12:35:04+00:00\",\"breadcrumb\":{\"@id\":\"http:\/\/firman.com.pl\/index.php\/kontakt\/#breadcrumb\"},\"inLanguage\":\"pl-PL\",\"potentialAction\":[{\"@type\":\"ReadAction\",\"target\":[\"http:\/\/firman.com.pl\/index.php\/kontakt\/\"]}]},{\"@type\":\"BreadcrumbList\",\"@id\":\"http:\/\/firman.com.pl\/index.php\/kontakt\/#breadcrumb\",\"itemListElement\":[{\"@type\":\"ListItem\",\"position\":1,\"name\":\"Strona g\\u0142\\u00f3wna\",\"item\":\"http:\/\/firman.com.pl\/\"},{\"@type\":\"ListItem\",\"position\":2,\"name\":\"KONTAKT\"}]}]}<\/script>\n<!-- \/ Yoast SEO plugin. -->","yoast_head_json":{"title":"KONTAKT - FIRMAN - nagrzewnice powietrza i agregaty pr\u0105dotw\u00f3rcze","robots":{"index":"index","follow":"follow","max-snippet":"max-snippet:-1","max-image-preview":"max-image-preview:large","max-video-preview":"max-video-preview:-1"},"canonical":"http:\/\/firman.com.pl\/index.php\/kontakt\/","og_locale":"pl_PL","og_type":"article","og_title":"KONTAKT - FIRMAN - nagrzewnice powietrza i agregaty pr\u0105dotw\u00f3rcze","og_description":"Kontakt: +48 533 336 136 +48 609 564 760 e-mail: biuro@marax.pl Siedziba firmy: MARAX R.Raj Sp\u00f3\u0142ka Jawna Kuty 15, 11-610 Pozezdrze, Mazury, Poland NIP: PL 6780058684, REGON: 350617880, Numer KRS: 76208 Biuro handlowe: MARAX\u00ae Import \u2013 Export ul. Bia\u0142ostocka 42B, 11-500 Gi\u017cycko, Mazury, Poland Sklep firmowy Serwis centralny w Polsce: PEWEX ul. Bia\u0142ostocka 22, 11-500 [&hellip;]","og_url":"http:\/\/firman.com.pl\/index.php\/kontakt\/","og_site_name":"FIRMAN - nagrzewnice powietrza i agregaty pr\u0105dotw\u00f3rcze","article_modified_time":"2020-12-29T12:35:04+00:00","twitter_card":"summary","twitter_misc":{"Szacowany czas czytania":"1 minuta"},"schema":{"@context":"https:\/\/schema.org","@graph":[{"@type":"WebSite","@id":"http:\/\/firman.com.pl\/#website","url":"http:\/\/firman.com.pl\/","name":"FIRMAN - nagrzewnice powietrza i agregaty pr\u0105dotw\u00f3rcze","description":"","potentialAction":[{"@type":"SearchAction","target":{"@type":"EntryPoint","urlTemplate":"http:\/\/firman.com.pl\/?s={search_term_string}"},"query-input":"required name=search_term_string"}],"inLanguage":"pl-PL"},{"@type":"WebPage","@id":"http:\/\/firman.com.pl\/index.php\/kontakt\/#webpage","url":"http:\/\/firman.com.pl\/index.php\/kontakt\/","name":"KONTAKT - FIRMAN - nagrzewnice powietrza i agregaty pr\u0105dotw\u00f3rcze","isPartOf":{"@id":"http:\/\/firman.com.pl\/#website"},"datePublished":"2017-09-04T13:57:32+00:00","dateModified":"2020-12-29T12:35:04+00:00","breadcrumb":{"@id":"http:\/\/firman.com.pl\/index.php\/kontakt\/#breadcrumb"},"inLanguage":"pl-PL","potentialAction":[{"@type":"ReadAction","target":["http:\/\/firman.com.pl\/index.php\/kontakt\/"]}]},{"@type":"BreadcrumbList","@id":"http:\/\/firman.com.pl\/index.php\/kontakt\/#breadcrumb","itemListElement":[{"@type":"ListItem","position":1,"name":"Strona g\u0142\u00f3wna","item":"http:\/\/firman.com.pl\/"},{"@type":"ListItem","position":2,"name":"KONTAKT"}]}]}},"_links":{"self":[{"href":"https:\/\/firman.com.pl\/index.php\/wp-json\/wp\/v2\/pages\/36"}],"collection":[{"href":"https:\/\/firman.com.pl\/index.php\/wp-json\/wp\/v2\/pages"}],"about":[{"href":"https:\/\/firman.com.pl\/index.php\/wp-json\/wp\/v2\/types\/page"}],"author":[{"embeddable":true,"href":"https:\/\/firman.com.pl\/index.php\/wp-json\/wp\/v2\/users\/2"}],"replies":[{"embeddable":true,"href":"https:\/\/firman.com.pl\/index.php\/wp-json\/wp\/v2\/comments?post=36"}],"version-history":[{"count":41,"href":"https:\/\/firman.com.pl\/index.php\/wp-json\/wp\/v2\/pages\/36\/revisions"}],"predecessor-version":[{"id":437,"href":"https:\/\/firman.com.pl\/index.php\/wp-json\/wp\/v2\/pages\/36\/revisions\/437"}],"wp:attachment":[{"href":"https:\/\/firman.com.pl\/index.php\/wp-json\/wp\/v2\/media?parent=36"}],"curies":[{"name":"wp","href":"https:\/\/api.w.org\/{rel}","templated":true}]}}