{"id":375,"date":"2017-09-22T09:51:08","date_gmt":"2017-09-22T07:51:08","guid":{"rendered":"http:\/\/firman.com.pl\/?page_id=375"},"modified":"2017-09-22T10:28:47","modified_gmt":"2017-09-22T08:28:47","slug":"przeglad","status":"publish","type":"page","link":"https:\/\/firman.com.pl\/index.php\/przeglad\/","title":{"rendered":"PRZEGL\u0104D"},"content":{"rendered":"<h3>Warunki gwarancji:<\/h3>\n<p>1. MARAX\u00ae gwarantuje sprawne dzia\u0142anie urz\u0105dzenia w okresie 12 miesi\u0119cy od daty zakupu i nie d\u0142u\u017cej ni\u017c 30 miesi\u0119cy od daty produkcji znajduj\u0105cej si\u0119 na urz\u0105dzeniu. Okres gwarancji mo\u017ce wyd\u0142u\u017cy\u0107 si\u0119 do 24 miesi\u0119cy, pod warunkiem oddania nagrzewnicy do autoryzowanego serwisu w celu dokonania p\u0142atnego przegl\u0105du, przed up\u0142ywem 12 miesi\u0105ca od daty zakupu. Koszt przegl\u0105du <strong>80\/120\/150 z\u0142 netto<\/strong>. Zakup cz\u0119\u015bci eksploatacyjnych podczas przegl\u0105du obj\u0119ty jest rabatem -10% od cen detalicznych cz\u0119\u015bci.<br \/>\n2. Podczas okresu gwarancyjnego, wszelkie ujawnione wady b\u0119d\u0105 usuwane bezp\u0142atnie przez autoryzowany serwis lub serwis centralny: firm\u0119 MARAX\u00ae, w terminie 14 dni roboczych od daty dostarczenia urz\u0105dzenia do serwisu. Termin ten mo\u017ce si\u0119 wyd\u0142u\u017cy\u0107 z przyczyn niezale\u017cnych od gwaranta, np. czas sprowadzenia cz\u0119\u015bci zamiennych. Termin gwarancji ulega przed\u0142u\u017ceniu o czas jaki urz\u0105dzenie sp\u0119dzi\u0142o w serwisie.<br \/>\n3. Aby dokona\u0107 naprawy gwarancyjnej klient musi:<br \/>\na) Dostarczy\u0107 urz\u0105dzenie bezpo\u015brednio do miejsca zakupu. Na \u017cyczenie reklamuj\u0105cego firma MARAX\u00ae dostarczy za reklamuj\u0105cego sprz\u0119t do serwisu za po\u015brednictwem wskazanej przez siebie firmy transportowej na koszt gwaranta. W tym przypadku czas na napraw\u0119 urz\u0105dzenia przed\u0142u\u017cy si\u0119 o czas niezb\u0119dny do dostarczenia i odbioru urz\u0105dzenia. Reklamuj\u0105cy powinien przygotowa\u0107 nagrzewnic\u0119 do wysy\u0142ki w oryginalnym opakowaniu, zabezpieczonym przed uszkodzeniami. Firma MARAX\u00ae nie ponosi odpowiedzialno\u015bci za uszkodzenia powsta\u0142e w wyniku nieodpowiedniego zabezpieczenia sprz\u0119tu.<br \/>\nb) Do\u0142\u0105czy\u0107 poprawnie uzupe\u0142nion\u0105, podbit\u0105 i podpisan\u0105 przez kupuj\u0105cego kart\u0119 gwarancyjn\u0105.<br \/>\nc) Do\u0142\u0105czy\u0107 kopi\u0119 dowodu zakupu urz\u0105dzenia.<br \/>\nd) Do\u0142\u0105czy\u0107 kr\u00f3tki opis usterki urz\u0105dzenia.<br \/>\n4. Naprawa gwarancyjna nie obejmuje czynno\u015bci opisanych w instrukcji obs\u0142ugi, do kt\u00f3rych u\u017cytkownik jest zobowi\u0105zany we w\u0142asnym zakresie i na w\u0142asny koszt (np. instalacja, czyszczenie, konserwacja) .<br \/>\n5. Gwarancja nie obejmuje:<br \/>\na) Mechanicznych uszkodze\u0144 urz\u0105dzenia spowodowanych z winy u\u017cytkownika lub po\u015brednika dostarczaj\u0105cego urz\u0105dzenie do serwisu.<br \/>\nb) Uszkodze\u0144 powsta\u0142ych na skutek niew\u0142a\u015bciwego u\u017cytkowania, konserwowania lub przechowywania urz\u0105dzenia, wynikaj\u0105cy z niezapoznania si\u0119 z instrukcj\u0105 obs\u0142ugi.<br \/>\nc) Uszkodze\u0144 spowodowanych w wyniku samowolnych napraw przez u\u017cytkownika lub nieautoryzowany serwis.<br \/>\nd) Uszkodze\u0144 powsta\u0142ych na skutek zdarze\u0144 losowych (pow\u00f3d\u017a, po\u017car, uszkodzenie elektryczne, itp.)<br \/>\ne) Uszkodze\u0144 powsta\u0142ych na skutek stosowania nieoryginalnych cz\u0119\u015bci zamiennych.<br \/>\nf) Wszelkiego rodzaju przer\u00f3bek, oraz zmian konstrukcyjnych.<br \/>\ng) Element\u00f3w eksploatacyjnych urz\u0105dzenia tj. filtry, dysze, elektrody.<br \/>\n6. Ingerowanie w budow\u0119 urz\u0105dzenia, b\u0105d\u017a dokonywanie napraw przez nieautoryzowanych serwisant\u00f3w spowoduje utrat\u0119 gwarancji.<br \/>\n7. Reklamuj\u0105cemu przys\u0142uguje wymiana sprz\u0119tu na nowy, w przypadku gdy:<br \/>\na) Autoryzowany serwis wyda pisemne o\u015bwiadczenie o niemo\u017cliwo\u015bci dokonania naprawy nagrzewnicy.<br \/>\nb) Podczas trwania okresu gwarancyjnego serwis b\u0119dzie musia\u0142 wykona\u0107 4 istotne naprawy, a nagrzewnica dalej b\u0119dzie niezdatna do u\u017cytku zgodnego z jej przeznaczeniem.<br \/>\n8. Niniejsza gwarancja obowi\u0105zuje tylko na terenie Rzeczypospolitej Polskiej i nie ogranicza ani nie zawiesza uprawnie\u0144 kupuj\u0105cego wynikaj\u0105cych z niezgodno\u015bci towaru z umow\u0105.<\/p>\n<p>&nbsp;<\/p>\n<div>\n<table>\n<tbody>\n<tr>\n<td style=\"text-align: center;\" width=\"80\" height=\"76\">\u00a0<a href=\"http:\/\/firman.com.pl\/wp-content\/uploads\/2017\/09\/instrukcja-firman-pl-i-karta-gw.pdf\" target=\"_blank\" rel=\"noopener\"><img loading=\"lazy\" class=\"size-full wp-image-352 aligncenter\" src=\"http:\/\/firman.com.pl\/wp-content\/uploads\/2017\/09\/pdf-icona.png\" alt=\"\" width=\"76\" height=\"70\" \/><\/a><\/td>\n<td>\u00a0Instrukcja Firman i karta Gwarancyjna<\/td>\n<\/tr>\n<\/tbody>\n<\/table>\n<\/div>\n<p>&nbsp;<\/p>\n","protected":false},"excerpt":{"rendered":"<p>Warunki gwarancji: 1. MARAX\u00ae gwarantuje sprawne dzia\u0142anie urz\u0105dzenia w okresie 12 miesi\u0119cy od daty zakupu i nie d\u0142u\u017cej ni\u017c 30 miesi\u0119cy od daty produkcji znajduj\u0105cej si\u0119 na urz\u0105dzeniu. Okres gwarancji mo\u017ce wyd\u0142u\u017cy\u0107 si\u0119 do 24 miesi\u0119cy, pod warunkiem oddania nagrzewnicy do autoryzowanego serwisu w celu dokonania p\u0142atnego przegl\u0105du, przed up\u0142ywem 12 miesi\u0105ca od daty zakupu. [&hellip;]<\/p>\n","protected":false},"author":2,"featured_media":0,"parent":0,"menu_order":0,"comment_status":"closed","ping_status":"closed","template":"","meta":[],"yoast_head":"<!-- This site is optimized with the Yoast SEO plugin v17.0 - https:\/\/yoast.com\/wordpress\/plugins\/seo\/ -->\n<title>PRZEGL\u0104D - FIRMAN - nagrzewnice powietrza i agregaty pr\u0105dotw\u00f3rcze<\/title>\n<meta name=\"robots\" content=\"index, follow, max-snippet:-1, max-image-preview:large, max-video-preview:-1\" \/>\n<link rel=\"canonical\" href=\"http:\/\/firman.com.pl\/index.php\/przeglad\/\" \/>\n<meta property=\"og:locale\" content=\"pl_PL\" \/>\n<meta property=\"og:type\" content=\"article\" \/>\n<meta property=\"og:title\" content=\"PRZEGL\u0104D - FIRMAN - nagrzewnice powietrza i agregaty pr\u0105dotw\u00f3rcze\" \/>\n<meta property=\"og:description\" content=\"Warunki gwarancji: 1. MARAX\u00ae gwarantuje sprawne dzia\u0142anie urz\u0105dzenia w okresie 12 miesi\u0119cy od daty zakupu i nie d\u0142u\u017cej ni\u017c 30 miesi\u0119cy od daty produkcji znajduj\u0105cej si\u0119 na urz\u0105dzeniu. Okres gwarancji mo\u017ce wyd\u0142u\u017cy\u0107 si\u0119 do 24 miesi\u0119cy, pod warunkiem oddania nagrzewnicy do autoryzowanego serwisu w celu dokonania p\u0142atnego przegl\u0105du, przed up\u0142ywem 12 miesi\u0105ca od daty zakupu. [&hellip;]\" \/>\n<meta property=\"og:url\" content=\"http:\/\/firman.com.pl\/index.php\/przeglad\/\" \/>\n<meta property=\"og:site_name\" content=\"FIRMAN - nagrzewnice powietrza i agregaty pr\u0105dotw\u00f3rcze\" \/>\n<meta property=\"article:modified_time\" content=\"2017-09-22T08:28:47+00:00\" \/>\n<meta property=\"og:image\" content=\"http:\/\/firman.com.pl\/wp-content\/uploads\/2017\/09\/pdf-icona.png\" \/>\n<meta name=\"twitter:card\" content=\"summary\" \/>\n<meta name=\"twitter:label1\" content=\"Szacowany czas czytania\" \/>\n\t<meta name=\"twitter:data1\" content=\"3 minuty\" \/>\n<script type=\"application\/ld+json\" class=\"yoast-schema-graph\">{\"@context\":\"https:\/\/schema.org\",\"@graph\":[{\"@type\":\"WebSite\",\"@id\":\"http:\/\/firman.com.pl\/#website\",\"url\":\"http:\/\/firman.com.pl\/\",\"name\":\"FIRMAN - nagrzewnice powietrza i agregaty pr\\u0105dotw\\u00f3rcze\",\"description\":\"\",\"potentialAction\":[{\"@type\":\"SearchAction\",\"target\":{\"@type\":\"EntryPoint\",\"urlTemplate\":\"http:\/\/firman.com.pl\/?s={search_term_string}\"},\"query-input\":\"required name=search_term_string\"}],\"inLanguage\":\"pl-PL\"},{\"@type\":\"ImageObject\",\"@id\":\"http:\/\/firman.com.pl\/index.php\/przeglad\/#primaryimage\",\"inLanguage\":\"pl-PL\",\"url\":\"http:\/\/firman.com.pl\/wp-content\/uploads\/2017\/09\/pdf-icona.png\",\"contentUrl\":\"http:\/\/firman.com.pl\/wp-content\/uploads\/2017\/09\/pdf-icona.png\"},{\"@type\":\"WebPage\",\"@id\":\"http:\/\/firman.com.pl\/index.php\/przeglad\/#webpage\",\"url\":\"http:\/\/firman.com.pl\/index.php\/przeglad\/\",\"name\":\"PRZEGL\\u0104D - FIRMAN - nagrzewnice powietrza i agregaty pr\\u0105dotw\\u00f3rcze\",\"isPartOf\":{\"@id\":\"http:\/\/firman.com.pl\/#website\"},\"primaryImageOfPage\":{\"@id\":\"http:\/\/firman.com.pl\/index.php\/przeglad\/#primaryimage\"},\"datePublished\":\"2017-09-22T07:51:08+00:00\",\"dateModified\":\"2017-09-22T08:28:47+00:00\",\"breadcrumb\":{\"@id\":\"http:\/\/firman.com.pl\/index.php\/przeglad\/#breadcrumb\"},\"inLanguage\":\"pl-PL\",\"potentialAction\":[{\"@type\":\"ReadAction\",\"target\":[\"http:\/\/firman.com.pl\/index.php\/przeglad\/\"]}]},{\"@type\":\"BreadcrumbList\",\"@id\":\"http:\/\/firman.com.pl\/index.php\/przeglad\/#breadcrumb\",\"itemListElement\":[{\"@type\":\"ListItem\",\"position\":1,\"name\":\"Strona g\\u0142\\u00f3wna\",\"item\":\"http:\/\/firman.com.pl\/\"},{\"@type\":\"ListItem\",\"position\":2,\"name\":\"PRZEGL\\u0104D\"}]}]}<\/script>\n<!-- \/ Yoast SEO plugin. -->","yoast_head_json":{"title":"PRZEGL\u0104D - FIRMAN - nagrzewnice powietrza i agregaty pr\u0105dotw\u00f3rcze","robots":{"index":"index","follow":"follow","max-snippet":"max-snippet:-1","max-image-preview":"max-image-preview:large","max-video-preview":"max-video-preview:-1"},"canonical":"http:\/\/firman.com.pl\/index.php\/przeglad\/","og_locale":"pl_PL","og_type":"article","og_title":"PRZEGL\u0104D - FIRMAN - nagrzewnice powietrza i agregaty pr\u0105dotw\u00f3rcze","og_description":"Warunki gwarancji: 1. MARAX\u00ae gwarantuje sprawne dzia\u0142anie urz\u0105dzenia w okresie 12 miesi\u0119cy od daty zakupu i nie d\u0142u\u017cej ni\u017c 30 miesi\u0119cy od daty produkcji znajduj\u0105cej si\u0119 na urz\u0105dzeniu. Okres gwarancji mo\u017ce wyd\u0142u\u017cy\u0107 si\u0119 do 24 miesi\u0119cy, pod warunkiem oddania nagrzewnicy do autoryzowanego serwisu w celu dokonania p\u0142atnego przegl\u0105du, przed up\u0142ywem 12 miesi\u0105ca od daty zakupu. [&hellip;]","og_url":"http:\/\/firman.com.pl\/index.php\/przeglad\/","og_site_name":"FIRMAN - nagrzewnice powietrza i agregaty pr\u0105dotw\u00f3rcze","article_modified_time":"2017-09-22T08:28:47+00:00","og_image":[{"url":"http:\/\/firman.com.pl\/wp-content\/uploads\/2017\/09\/pdf-icona.png"}],"twitter_card":"summary","twitter_misc":{"Szacowany czas czytania":"3 minuty"},"schema":{"@context":"https:\/\/schema.org","@graph":[{"@type":"WebSite","@id":"http:\/\/firman.com.pl\/#website","url":"http:\/\/firman.com.pl\/","name":"FIRMAN - nagrzewnice powietrza i agregaty pr\u0105dotw\u00f3rcze","description":"","potentialAction":[{"@type":"SearchAction","target":{"@type":"EntryPoint","urlTemplate":"http:\/\/firman.com.pl\/?s={search_term_string}"},"query-input":"required name=search_term_string"}],"inLanguage":"pl-PL"},{"@type":"ImageObject","@id":"http:\/\/firman.com.pl\/index.php\/przeglad\/#primaryimage","inLanguage":"pl-PL","url":"http:\/\/firman.com.pl\/wp-content\/uploads\/2017\/09\/pdf-icona.png","contentUrl":"http:\/\/firman.com.pl\/wp-content\/uploads\/2017\/09\/pdf-icona.png"},{"@type":"WebPage","@id":"http:\/\/firman.com.pl\/index.php\/przeglad\/#webpage","url":"http:\/\/firman.com.pl\/index.php\/przeglad\/","name":"PRZEGL\u0104D - FIRMAN - nagrzewnice powietrza i agregaty pr\u0105dotw\u00f3rcze","isPartOf":{"@id":"http:\/\/firman.com.pl\/#website"},"primaryImageOfPage":{"@id":"http:\/\/firman.com.pl\/index.php\/przeglad\/#primaryimage"},"datePublished":"2017-09-22T07:51:08+00:00","dateModified":"2017-09-22T08:28:47+00:00","breadcrumb":{"@id":"http:\/\/firman.com.pl\/index.php\/przeglad\/#breadcrumb"},"inLanguage":"pl-PL","potentialAction":[{"@type":"ReadAction","target":["http:\/\/firman.com.pl\/index.php\/przeglad\/"]}]},{"@type":"BreadcrumbList","@id":"http:\/\/firman.com.pl\/index.php\/przeglad\/#breadcrumb","itemListElement":[{"@type":"ListItem","position":1,"name":"Strona g\u0142\u00f3wna","item":"http:\/\/firman.com.pl\/"},{"@type":"ListItem","position":2,"name":"PRZEGL\u0104D"}]}]}},"_links":{"self":[{"href":"https:\/\/firman.com.pl\/index.php\/wp-json\/wp\/v2\/pages\/375"}],"collection":[{"href":"https:\/\/firman.com.pl\/index.php\/wp-json\/wp\/v2\/pages"}],"about":[{"href":"https:\/\/firman.com.pl\/index.php\/wp-json\/wp\/v2\/types\/page"}],"author":[{"embeddable":true,"href":"https:\/\/firman.com.pl\/index.php\/wp-json\/wp\/v2\/users\/2"}],"replies":[{"embeddable":true,"href":"https:\/\/firman.com.pl\/index.php\/wp-json\/wp\/v2\/comments?post=375"}],"version-history":[{"count":6,"href":"https:\/\/firman.com.pl\/index.php\/wp-json\/wp\/v2\/pages\/375\/revisions"}],"predecessor-version":[{"id":382,"href":"https:\/\/firman.com.pl\/index.php\/wp-json\/wp\/v2\/pages\/375\/revisions\/382"}],"wp:attachment":[{"href":"https:\/\/firman.com.pl\/index.php\/wp-json\/wp\/v2\/media?parent=375"}],"curies":[{"name":"wp","href":"https:\/\/api.w.org\/{rel}","templated":true}]}}